{"id":924,"date":"2023-04-12T10:18:17","date_gmt":"2023-04-12T10:18:17","guid":{"rendered":"https:\/\/conimcert.com\/events\/"},"modified":"2023-04-25T11:39:28","modified_gmt":"2023-04-25T11:39:28","slug":"events","status":"publish","type":"page","link":"https:\/\/conimcert.com\/az\/events\/","title":{"rendered":"T\u0259dbirl\u0259r"},"content":{"rendered":"<div data-elementor-type=\"wp-page\" data-elementor-id=\"924\" class=\"elementor elementor-924\" data-elementor-post-type=\"page\">\n\t\t\t\t<div class=\"elementor-element elementor-element-aa442f4 e-flex e-con-boxed e-con e-parent\" data-id=\"aa442f4\" data-element_type=\"container\" data-settings=\"{&quot;background_background&quot;:&quot;classic&quot;}\">\n\t\t\t\t\t<div class=\"e-con-inner\">\n\t\t\t\t<div class=\"elementor-element elementor-element-f4fa836 elementor-widget elementor-widget-breadcrumbs\" data-id=\"f4fa836\" data-element_type=\"widget\" data-widget_type=\"breadcrumbs.default\">\n\t\t\t\t<div class=\"elementor-widget-container\">\n\t\t\t<link rel=\"stylesheet\" href=\"https:\/\/conimcert.com\/wp-content\/plugins\/elementor-pro\/assets\/css\/widget-theme-elements.min.css\"><p id=\"breadcrumbs\"><span><span><a href=\"https:\/\/conimcert.com\/az\/\">Ana s\u0259hif\u0259<\/a><\/span><\/span><\/p>\t\t<\/div>\n\t\t\t\t<\/div>\n\t\t<div class=\"elementor-element elementor-element-88b0d7a e-flex e-con-boxed e-con e-child\" data-id=\"88b0d7a\" data-element_type=\"container\" data-settings=\"{&quot;background_background&quot;:&quot;classic&quot;}\">\n\t\t\t\t\t<div class=\"e-con-inner\">\n\t\t<div class=\"elementor-element elementor-element-a1f94bb e-flex e-con-boxed e-con e-child\" data-id=\"a1f94bb\" data-element_type=\"container\">\n\t\t\t\t\t<div class=\"e-con-inner\">\n\t\t\t\t<div class=\"elementor-element elementor-element-6fff728 elementor-widget-divider--view-line elementor-widget elementor-widget-divider\" data-id=\"6fff728\" data-element_type=\"widget\" data-widget_type=\"divider.default\">\n\t\t\t\t<div class=\"elementor-widget-container\">\n\t\t\t<style>\/*! elementor - v3.21.0 - 25-04-2024 *\/\n.elementor-widget-divider{--divider-border-style:none;--divider-border-width:1px;--divider-color:#0c0d0e;--divider-icon-size:20px;--divider-element-spacing:10px;--divider-pattern-height:24px;--divider-pattern-size:20px;--divider-pattern-url:none;--divider-pattern-repeat:repeat-x}.elementor-widget-divider .elementor-divider{display:flex}.elementor-widget-divider .elementor-divider__text{font-size:15px;line-height:1;max-width:95%}.elementor-widget-divider .elementor-divider__element{margin:0 var(--divider-element-spacing);flex-shrink:0}.elementor-widget-divider .elementor-icon{font-size:var(--divider-icon-size)}.elementor-widget-divider .elementor-divider-separator{display:flex;margin:0;direction:ltr}.elementor-widget-divider--view-line_icon .elementor-divider-separator,.elementor-widget-divider--view-line_text .elementor-divider-separator{align-items:center}.elementor-widget-divider--view-line_icon .elementor-divider-separator:after,.elementor-widget-divider--view-line_icon .elementor-divider-separator:before,.elementor-widget-divider--view-line_text .elementor-divider-separator:after,.elementor-widget-divider--view-line_text .elementor-divider-separator:before{display:block;content:\"\";border-block-end:0;flex-grow:1;border-block-start:var(--divider-border-width) var(--divider-border-style) var(--divider-color)}.elementor-widget-divider--element-align-left .elementor-divider .elementor-divider-separator>.elementor-divider__svg:first-of-type{flex-grow:0;flex-shrink:100}.elementor-widget-divider--element-align-left .elementor-divider-separator:before{content:none}.elementor-widget-divider--element-align-left .elementor-divider__element{margin-left:0}.elementor-widget-divider--element-align-right .elementor-divider .elementor-divider-separator>.elementor-divider__svg:last-of-type{flex-grow:0;flex-shrink:100}.elementor-widget-divider--element-align-right .elementor-divider-separator:after{content:none}.elementor-widget-divider--element-align-right .elementor-divider__element{margin-right:0}.elementor-widget-divider--element-align-start .elementor-divider .elementor-divider-separator>.elementor-divider__svg:first-of-type{flex-grow:0;flex-shrink:100}.elementor-widget-divider--element-align-start .elementor-divider-separator:before{content:none}.elementor-widget-divider--element-align-start .elementor-divider__element{margin-inline-start:0}.elementor-widget-divider--element-align-end .elementor-divider .elementor-divider-separator>.elementor-divider__svg:last-of-type{flex-grow:0;flex-shrink:100}.elementor-widget-divider--element-align-end .elementor-divider-separator:after{content:none}.elementor-widget-divider--element-align-end .elementor-divider__element{margin-inline-end:0}.elementor-widget-divider:not(.elementor-widget-divider--view-line_text):not(.elementor-widget-divider--view-line_icon) .elementor-divider-separator{border-block-start:var(--divider-border-width) var(--divider-border-style) var(--divider-color)}.elementor-widget-divider--separator-type-pattern{--divider-border-style:none}.elementor-widget-divider--separator-type-pattern.elementor-widget-divider--view-line .elementor-divider-separator,.elementor-widget-divider--separator-type-pattern:not(.elementor-widget-divider--view-line) .elementor-divider-separator:after,.elementor-widget-divider--separator-type-pattern:not(.elementor-widget-divider--view-line) .elementor-divider-separator:before,.elementor-widget-divider--separator-type-pattern:not([class*=elementor-widget-divider--view]) .elementor-divider-separator{width:100%;min-height:var(--divider-pattern-height);-webkit-mask-size:var(--divider-pattern-size) 100%;mask-size:var(--divider-pattern-size) 100%;-webkit-mask-repeat:var(--divider-pattern-repeat);mask-repeat:var(--divider-pattern-repeat);background-color:var(--divider-color);-webkit-mask-image:var(--divider-pattern-url);mask-image:var(--divider-pattern-url)}.elementor-widget-divider--no-spacing{--divider-pattern-size:auto}.elementor-widget-divider--bg-round{--divider-pattern-repeat:round}.rtl .elementor-widget-divider .elementor-divider__text{direction:rtl}.e-con-inner>.elementor-widget-divider,.e-con>.elementor-widget-divider{width:var(--container-widget-width,100%);--flex-grow:var(--container-widget-flex-grow)}<\/style>\t\t<div class=\"elementor-divider\">\n\t\t\t<span class=\"elementor-divider-separator\">\n\t\t\t\t\t\t<\/span>\n\t\t<\/div>\n\t\t\t\t<\/div>\n\t\t\t\t<\/div>\n\t\t\t\t<div class=\"elementor-element elementor-element-9cb660a elementor-widget elementor-widget-heading\" data-id=\"9cb660a\" data-element_type=\"widget\" data-widget_type=\"heading.default\">\n\t\t\t\t<div class=\"elementor-widget-container\">\n\t\t\t<style>\/*! elementor - v3.21.0 - 25-04-2024 *\/\n.elementor-heading-title{padding:0;margin:0;line-height:1}.elementor-widget-heading .elementor-heading-title[class*=elementor-size-]>a{color:inherit;font-size:inherit;line-height:inherit}.elementor-widget-heading .elementor-heading-title.elementor-size-small{font-size:15px}.elementor-widget-heading .elementor-heading-title.elementor-size-medium{font-size:19px}.elementor-widget-heading .elementor-heading-title.elementor-size-large{font-size:29px}.elementor-widget-heading .elementor-heading-title.elementor-size-xl{font-size:39px}.elementor-widget-heading .elementor-heading-title.elementor-size-xxl{font-size:59px}<\/style><h1 class=\"elementor-heading-title elementor-size-default\">T\u0259dbirl\u0259r<\/h1>\t\t<\/div>\n\t\t\t\t<\/div>\n\t\t\t\t\t<\/div>\n\t\t\t\t<\/div>\n\t\t\t\t\t<\/div>\n\t\t\t\t<\/div>\n\t\t\t\t\t<\/div>\n\t\t\t\t<\/div>\n\t\t<div class=\"elementor-element elementor-element-3fde0b1 e-flex e-con-boxed e-con e-parent\" data-id=\"3fde0b1\" data-element_type=\"container\">\n\t\t\t\t\t<div class=\"e-con-inner\">\n\t\t<div class=\"elementor-element elementor-element-b36bdc0 e-con-full e-flex e-con e-child\" data-id=\"b36bdc0\" data-element_type=\"container\">\n\t\t\t\t<div class=\"elementor-element elementor-element-c1002fd elementor-widget elementor-widget-event-listing\" data-id=\"c1002fd\" data-element_type=\"widget\" data-widget_type=\"event-listing.default\">\n\t\t\t\t<div class=\"elementor-widget-container\">\n\t\t\t<div class=\"event_listings\" data-location=\"\" data-keywords=\"\" data-show_filters=\"true\" data-show_pagination=\"false\" data-per_page=\"6\" data-orderby=\"event_start_date\" data-order=\"ASC\" data-datetimes=\"\" data-categories=\"\" data-event_types=\"\" data-ticket_prices=\"\" data-event_online=\"\" >\r\n<form class=\"wpem-main wpem-form-wrapper wpem-event-filter-wrapper event_filters\" id=\"event_filters\" action=\"\">\r\n\t\t<div class=\"search_events search-form-container\">\r\n\t\t\t\t<div class=\"wpem-row\">\r\n\t\t\t<!-- Search by keywords section start -->\r\n\t\t\t<div class=\"wpem-col\">\r\n\t\t\t\t<!-- shows default keywords text field  start-->\r\n\t\t\t\t<div class=\"wpem-form-group\">\r\n\t\t\t\t\t<label for=\"search_keywords\" class=\"wpem-form-label\">Keywords<\/label>\r\n\t\t\t\t\t<input type=\"text\" name=\"search_keywords\" id=\"search_keywords\" placeholder=\"Keywords\" value=\"\" \/>\r\n\t\t\t\t<\/div>\r\n\t\t\t\t<!-- shows default keywords text field end -->\r\n\t\t\t<\/div>\r\n\t\t\t<!-- Search by keywords section end-->\r\n\r\n\t\t\t<!-- Search by location section start -->\r\n\t\t\t<div class=\"wpem-col\">\r\n\t\t\t\t<div class=\"wpem-form-group wpem-location-container\">\r\n\t\t\t\t\t<label for=\"search_location\" class=\"wpem-form-label\">Location<\/label>\r\n\t\t\t\t\t<input type=\"text\" name=\"search_location\" id=\"search_location\" placeholder=\"Location\" value=\"\" \/>\r\n\t\t\t\t<\/div>\r\n\t\t\t<\/div>\r\n\t\t\t<!-- Search by location section end -->\r\n\r\n\t\t\t<!-- Search by date section start -->\r\n\t\t\t\r\n\t\t\t\t<div class=\"wpem-col\">\r\n\t\t\t\t\t<div class=\"wpem-form-group\">\r\n\t\t\t\t\t\t<label for=\"search_datetimes\" class=\"wpem-form-label\">Any dates<\/label>\r\n\t\t\t\t\t\t<input type=\"text\" name=\"search_datetimes[]\" id=\"search_datetimes\" value='' class=\"event-manager-category-dropdown date_range_picker\">\r\n\t\t\t\t\t<\/div>\r\n\t\t\t\t<\/div>\r\n\t\t\t\t\t\t<!-- Search by date section end -->\r\n\r\n\t\t<\/div> <!-- \/row -->\r\n\t\t<div class=\"wpem-row\">\r\n\t\t\t<!-- Search by event categories section start -->\r\n\t\t\t\t\t\t\t<div class=\"wpem-col\">\r\n\t\t\t\t\t<div class=\"wpem-form-group\">\r\n\t\t\t\t\t\t<label for=\"search_categories\" class=\"wpem-form-label\">Category<\/label>\r\n\t\t\t\t\t\t<select name='search_categories[]' id='search_categories' class='event-manager-category-dropdown'  data-placeholder='Choose a Category' data-no_results_text='No results match' data-multiple_text='Choose a Category'>\n<option value=\"\">Choose an Event Category<\/option>\t<option class=\"level-0\" value=\"agile-scrum-methodologies\">Agile &amp; Scrum Metodologiyalar\u0131<\/option>\n\t<option class=\"level-0\" value=\"asset-management\">Aktivl\u0259rin idar\u0259 olunmas\u0131<\/option>\n\t<option class=\"level-0\" value=\"business-process-management\">Biznes Prosesi \u0130dar\u0259etm\u0259si<\/option>\n\t<option class=\"level-0\" value=\"customer-service-support\">M\u00fc\u015ft\u0259ri Xidm\u0259tl\u0259ri v\u0259 D\u0259st\u0259k<\/option>\n\t<option class=\"level-0\" value=\"environmental-management-sustainability\">\u018ftraf M\u00fchitin \u0130dar\u0259 Edilm\u0259si v\u0259 Davaml\u0131l\u0131q<\/option>\n\t<option class=\"level-0\" value=\"food-safety-management\">Qida T\u0259hl\u00fck\u0259sizliyi \u0130dar\u0259etm\u0259si<\/option>\n\t<option class=\"level-0\" value=\"governance-risk-and-compliance-grc\">\u0130dar\u0259etm\u0259, Risk v\u0259 Uy\u011funluq (\u0130RU-GRC)<\/option>\n\t<option class=\"level-0\" value=\"health-and-safety-management\">Sa\u011flaml\u0131q v\u0259 T\u0259hl\u00fck\u0259sizliyin \u0130dar\u0259 Edilm\u0259si<\/option>\n\t<option class=\"level-0\" value=\"it-governance-cybersecurity\">\u0130T \u0130dar\u0259etm\u0259 v\u0259 Kibert\u0259hl\u00fck\u0259sizlik<\/option>\n\t<option class=\"level-0\" value=\"it-service-management\">\u0130T Xidm\u0259tinin \u0130dar\u0259 Edilm\u0259si<\/option>\n\t<option class=\"level-0\" value=\"leadership-organizational-development\">R\u0259hb\u0259rlik v\u0259 T\u0259\u015fkilati \u0130nki\u015faf<\/option>\n\t<option class=\"level-0\" value=\"lean-management\">Q\u0259na\u0259tcil \u0130dar\u0259 etm\u0259<\/option>\n\t<option class=\"level-0\" value=\"product-management\">M\u0259hsulun idar\u0259 edilm\u0259si<\/option>\n\t<option class=\"level-0\" value=\"project-management\">Layih\u0259nin idar\u0259 olunmas\u0131<\/option>\n\t<option class=\"level-0\" value=\"quality-management\">Keyfiyy\u0259tin idar\u0259 edilm\u0259si<\/option>\n\t<option class=\"level-0\" value=\"systems-analysis-design\">Sisteml\u0259rin T\u0259hlili v\u0259 Dizayn\u0131<\/option>\n<\/select>\n\t\t\t\t\t<\/div>\r\n\t\t\t\t<\/div>\r\n\t\t\t\t\t\t<!-- Search by event categories section end -->\r\n\r\n\t\t\t<!-- Search by event type section start -->\r\n\t\t\t\t\t\t\t<div class=\"wpem-col\">\r\n\t\t\t\t\t<div class=\"wpem-form-group\">\r\n\t\t\t\t\t\t<label for=\"search_event_types\" class=\"wpem-form-label\">Event Type<\/label>\r\n\t\t\t\t\t\t<select name='search_event_types[]' id='search_event_types' class='event-manager-category-dropdown'  data-placeholder='Choose an event type' data-no_results_text='No results match' data-multiple_text='Choose an event type'>\n<option value=\"\">T\u0259dbirin N\u00f6v\u00fcn\u00fc Se\u00e7in<\/option>\t<option class=\"level-0\" value=\"class-training\">Sinif t\u0259limi<\/option>\n\t<option class=\"level-0\" value=\"online-training\">Onlayn t\u0259lim<\/option>\n\t<option class=\"level-0\" value=\"webinar\">Vebinar<\/option>\n<\/select>\n\t\t\t\t\t<\/div>\r\n\t\t\t\t<\/div>\r\n\t\t\t\t\t\t<!-- Search by event type section end -->\r\n\t\t<\/div> <!-- \/row -->\r\n\r\n\t\t\r\n\t<\/div>\r\n\t<div class=\"showing_applied_filters\"><\/div><input type=\"hidden\" name=\"trp-form-language\" value=\"az\"\/><\/form>\r\n<noscript>Your browser does not support JavaScript, or it is disabled. JavaScript must be enabled in order to view listings.<\/noscript><div class=\"wpem-main wpem-event-listings-header\">\r\n    <div class=\"wpem-row\">\r\n        <div class=\"wpem-col wpem-col-12 wpem-col-sm-6 wpem-col-md-6 wpem-col-lg-8\">\r\n            <div class=\"wpem-event-listing-header-title\">\r\n                                    <h2 class=\"wpem-heading-text\">T\u0259dbirl\u0259r<\/h2>\r\n                            <\/div>\r\n        <\/div>\r\n        <div class=\"wpem-col wpem-col-12 wpem-col-sm-6 wpem-col-md-6 wpem-col-lg-4\">\r\n            <div class=\"wpem-event-layout-action-wrapper\">\r\n                <div class=\"wpem-event-layout-action\">\r\n                                                                    <div class=\"wpem-event-layout-icon wpem-event-box-layout\" title=\"Events Box View\" id=\"wpem-event-box-layout\"><i class=\"wpem-icon-stop2\"><\/i><\/div>\r\n                        <div class=\"wpem-event-layout-icon wpem-event-list-layout wpem-active-layout\" title=\"Events List View\" id=\"wpem-event-list-layout\"><i class=\"wpem-icon-menu\"><\/i><\/div>\r\n                        <div class=\"wpem-event-layout-icon wpem-event-calendar-layout\" id=\"wpem-event-calendar-layout\" title=\"T\u0259dbirl\u0259r t\u0259qvimi\"><i class=\"wpem-icon-calendar\"><\/i><\/div>                                    <\/div>\r\n            <\/div>\r\n        <\/div>\r\n    <\/div>\r\n<\/div>\r\n\r\n<!-- Event listing view -->\r\n\r\n<div class=\"event_listings_main\">\r\n    <div id=\"event-listing-view\" class=\"wpem-main wpem-event-listings event_listings wpem-event-listing-list-view\" data-id=\"all\"><\/div>\r\n<div id=\"load_more_events_loader\"><a class=\"load_more_events\" id=\"load_more_events\" href=\"#\"><strong>Load more events<\/strong><\/a><\/div><\/div>\r\n<\/div>\t\t<\/div>\n\t\t\t\t<\/div>\n\t\t\t\t<\/div>\n\t\t\t\t\t<\/div>\n\t\t\t\t<\/div>\n\t\t\t\t<\/div>","protected":false},"excerpt":{"rendered":"<p>Keywords Location Any dates Category Choose a CategoryBusiness &amp; ProfessionalCharity &amp; CausesCommunity &amp; CultureFamily &amp; EducationFashion &amp; BeautyFilm, Media &amp; EntertainmentFood &amp; DrinkGame or CompetitionOtherPerforming &amp; Visual ArtsScience &amp; TechnologySports &amp; Fitness Event Type Choose an Event TypeClass TrainingOnline TrainingWebinar Your browser does not support JavaScript, or it is disabled. JavaScript must be enabled in [&hellip;]<\/p>","protected":false},"author":1,"featured_media":0,"parent":0,"menu_order":0,"comment_status":"closed","ping_status":"closed","template":"elementor_header_footer","meta":{"_acf_changed":false,"om_disable_all_campaigns":false,"_mi_skip_tracking":false,"footnotes":""},"class_list":["post-924","page","type-page","status-publish","hentry"],"acf":[],"yoast_head":"<!-- This site is optimized with the Yoast SEO plugin v20.5 - https:\/\/yoast.com\/wordpress\/plugins\/seo\/ -->\n<title>Events - Conimcert<\/title>\n<meta name=\"robots\" content=\"index, follow, max-snippet:-1, max-image-preview:large, max-video-preview:-1\" \/>\n<link rel=\"canonical\" href=\"https:\/\/conimcert.com\/az\/events\/\" \/>\n<meta property=\"og:locale\" content=\"az_AZ\" \/>\n<meta property=\"og:type\" content=\"article\" \/>\n<meta property=\"og:title\" content=\"Events - Conimcert\" \/>\n<meta property=\"og:description\" content=\"Keywords Location Any dates Category Choose a CategoryBusiness &amp; ProfessionalCharity &amp; CausesCommunity &amp; CultureFamily &amp; EducationFashion &amp; BeautyFilm, Media &amp; EntertainmentFood &amp; DrinkGame or CompetitionOtherPerforming &amp; Visual ArtsScience &amp; TechnologySports &amp; Fitness Event Type Choose an Event TypeClass TrainingOnline TrainingWebinar Your browser does not support JavaScript, or it is disabled. JavaScript must be enabled in [&hellip;]\" \/>\n<meta property=\"og:url\" content=\"https:\/\/conimcert.com\/az\/events\/\" \/>\n<meta property=\"og:site_name\" content=\"Conimcert\" \/>\n<meta property=\"article:modified_time\" content=\"2023-04-25T11:39:28+00:00\" \/>\n<meta name=\"twitter:card\" content=\"summary_large_image\" \/>\n<meta name=\"twitter:label1\" content=\"Est. reading time\" \/>\n\t<meta name=\"twitter:data1\" content=\"1 minute\" \/>\n<script type=\"application\/ld+json\" class=\"yoast-schema-graph\">{\"@context\":\"https:\/\/schema.org\",\"@graph\":[{\"@type\":\"WebPage\",\"@id\":\"https:\/\/conimcert.com\/events\/\",\"url\":\"https:\/\/conimcert.com\/events\/\",\"name\":\"Events - Conimcert\",\"isPartOf\":{\"@id\":\"https:\/\/conimcert.com\/#website\"},\"datePublished\":\"2023-04-12T10:18:17+00:00\",\"dateModified\":\"2023-04-25T11:39:28+00:00\",\"breadcrumb\":{\"@id\":\"https:\/\/conimcert.com\/events\/#breadcrumb\"},\"inLanguage\":\"az\",\"potentialAction\":[{\"@type\":\"ReadAction\",\"target\":[\"https:\/\/conimcert.com\/events\/\"]}]},{\"@type\":\"BreadcrumbList\",\"@id\":\"https:\/\/conimcert.com\/events\/#breadcrumb\",\"itemListElement\":[{\"@type\":\"ListItem\",\"position\":1,\"name\":\"Home\",\"item\":\"https:\/\/conimcert.com\/\"},{\"@type\":\"ListItem\",\"position\":2,\"name\":\"Events\"}]},{\"@type\":\"WebSite\",\"@id\":\"https:\/\/conimcert.com\/#website\",\"url\":\"https:\/\/conimcert.com\/\",\"name\":\"Conimcert\",\"description\":\"\",\"publisher\":{\"@id\":\"https:\/\/conimcert.com\/#organization\"},\"potentialAction\":[{\"@type\":\"SearchAction\",\"target\":{\"@type\":\"EntryPoint\",\"urlTemplate\":\"https:\/\/conimcert.com\/?s={search_term_string}\"},\"query-input\":\"required name=search_term_string\"}],\"inLanguage\":\"az\"},{\"@type\":\"Organization\",\"@id\":\"https:\/\/conimcert.com\/#organization\",\"name\":\"Conimcert\",\"url\":\"https:\/\/conimcert.com\/\",\"logo\":{\"@type\":\"ImageObject\",\"inLanguage\":\"az\",\"@id\":\"https:\/\/conimcert.com\/#\/schema\/logo\/image\/\",\"url\":\"https:\/\/conimcert.com\/wp-content\/uploads\/2023\/03\/Conim-LOGO.png\",\"contentUrl\":\"https:\/\/conimcert.com\/wp-content\/uploads\/2023\/03\/Conim-LOGO.png\",\"width\":877,\"height\":151,\"caption\":\"Conimcert\"},\"image\":{\"@id\":\"https:\/\/conimcert.com\/#\/schema\/logo\/image\/\"}}]}<\/script>\n<!-- \/ Yoast SEO plugin. -->","yoast_head_json":{"title":"Events - Conimcert","robots":{"index":"index","follow":"follow","max-snippet":"max-snippet:-1","max-image-preview":"max-image-preview:large","max-video-preview":"max-video-preview:-1"},"canonical":"https:\/\/conimcert.com\/az\/events\/","og_locale":"az_AZ","og_type":"article","og_title":"Events - Conimcert","og_description":"Keywords Location Any dates Category Choose a CategoryBusiness &amp; ProfessionalCharity &amp; CausesCommunity &amp; CultureFamily &amp; EducationFashion &amp; BeautyFilm, Media &amp; EntertainmentFood &amp; DrinkGame or CompetitionOtherPerforming &amp; Visual ArtsScience &amp; TechnologySports &amp; Fitness Event Type Choose an Event TypeClass TrainingOnline TrainingWebinar Your browser does not support JavaScript, or it is disabled. JavaScript must be enabled in [&hellip;]","og_url":"https:\/\/conimcert.com\/az\/events\/","og_site_name":"Conimcert","article_modified_time":"2023-04-25T11:39:28+00:00","twitter_card":"summary_large_image","twitter_misc":{"Est. reading time":"1 minute"},"schema":{"@context":"https:\/\/schema.org","@graph":[{"@type":"WebPage","@id":"https:\/\/conimcert.com\/events\/","url":"https:\/\/conimcert.com\/events\/","name":"Events - Conimcert","isPartOf":{"@id":"https:\/\/conimcert.com\/#website"},"datePublished":"2023-04-12T10:18:17+00:00","dateModified":"2023-04-25T11:39:28+00:00","breadcrumb":{"@id":"https:\/\/conimcert.com\/events\/#breadcrumb"},"inLanguage":"az","potentialAction":[{"@type":"ReadAction","target":["https:\/\/conimcert.com\/events\/"]}]},{"@type":"BreadcrumbList","@id":"https:\/\/conimcert.com\/events\/#breadcrumb","itemListElement":[{"@type":"ListItem","position":1,"name":"Home","item":"https:\/\/conimcert.com\/"},{"@type":"ListItem","position":2,"name":"Events"}]},{"@type":"WebSite","@id":"https:\/\/conimcert.com\/#website","url":"https:\/\/conimcert.com\/","name":"Conimcert","description":"","publisher":{"@id":"https:\/\/conimcert.com\/#organization"},"potentialAction":[{"@type":"SearchAction","target":{"@type":"EntryPoint","urlTemplate":"https:\/\/conimcert.com\/?s={search_term_string}"},"query-input":"required name=search_term_string"}],"inLanguage":"az"},{"@type":"Organization","@id":"https:\/\/conimcert.com\/#organization","name":"Conimcert","url":"https:\/\/conimcert.com\/","logo":{"@type":"ImageObject","inLanguage":"az","@id":"https:\/\/conimcert.com\/#\/schema\/logo\/image\/","url":"https:\/\/conimcert.com\/wp-content\/uploads\/2023\/03\/Conim-LOGO.png","contentUrl":"https:\/\/conimcert.com\/wp-content\/uploads\/2023\/03\/Conim-LOGO.png","width":877,"height":151,"caption":"Conimcert"},"image":{"@id":"https:\/\/conimcert.com\/#\/schema\/logo\/image\/"}}]}},"_links":{"self":[{"href":"https:\/\/conimcert.com\/az\/wp-json\/wp\/v2\/pages\/924","targetHints":{"allow":["GET"]}}],"collection":[{"href":"https:\/\/conimcert.com\/az\/wp-json\/wp\/v2\/pages"}],"about":[{"href":"https:\/\/conimcert.com\/az\/wp-json\/wp\/v2\/types\/page"}],"author":[{"embeddable":true,"href":"https:\/\/conimcert.com\/az\/wp-json\/wp\/v2\/users\/1"}],"replies":[{"embeddable":true,"href":"https:\/\/conimcert.com\/az\/wp-json\/wp\/v2\/comments?post=924"}],"version-history":[{"count":15,"href":"https:\/\/conimcert.com\/az\/wp-json\/wp\/v2\/pages\/924\/revisions"}],"predecessor-version":[{"id":3084,"href":"https:\/\/conimcert.com\/az\/wp-json\/wp\/v2\/pages\/924\/revisions\/3084"}],"wp:attachment":[{"href":"https:\/\/conimcert.com\/az\/wp-json\/wp\/v2\/media?parent=924"}],"curies":[{"name":"wp","href":"https:\/\/api.w.org\/{rel}","templated":true}]}}