{"id":688,"date":"2023-04-06T20:34:55","date_gmt":"2023-04-06T20:34:55","guid":{"rendered":"https:\/\/conimcert.com\/?page_id=688"},"modified":"2023-05-25T09:34:07","modified_gmt":"2023-05-25T09:34:07","slug":"code-of-ethics","status":"publish","type":"page","link":"https:\/\/conimcert.com\/az\/code-of-ethics\/","title":{"rendered":"Etika Kodeksi"},"content":{"rendered":"<div data-elementor-type=\"wp-page\" data-elementor-id=\"688\" class=\"elementor elementor-688\" data-elementor-post-type=\"page\">\n\t\t\t\t\t\t<section class=\"elementor-section elementor-top-section elementor-element elementor-element-2b6bfc80 elementor-section-boxed elementor-section-height-default elementor-section-height-default\" data-id=\"2b6bfc80\" data-element_type=\"section\">\n\t\t\t\t\t\t<div class=\"elementor-container elementor-column-gap-default\">\n\t\t\t\t\t<div class=\"elementor-column elementor-col-100 elementor-top-column elementor-element elementor-element-58683ea6\" data-id=\"58683ea6\" data-element_type=\"column\">\n\t\t\t<div class=\"elementor-widget-wrap elementor-element-populated\">\n\t\t\t\t\t\t<div class=\"elementor-element elementor-element-753a7615 elementor-widget elementor-widget-text-editor\" data-id=\"753a7615\" data-element_type=\"widget\" data-widget_type=\"text-editor.default\">\n\t\t\t\t<div class=\"elementor-widget-container\">\n\t\t\t<style>\/*! elementor - v3.21.0 - 25-04-2024 *\/\n.elementor-widget-text-editor.elementor-drop-cap-view-stacked .elementor-drop-cap{background-color:#69727d;color:#fff}.elementor-widget-text-editor.elementor-drop-cap-view-framed .elementor-drop-cap{color:#69727d;border:3px solid;background-color:transparent}.elementor-widget-text-editor:not(.elementor-drop-cap-view-default) .elementor-drop-cap{margin-top:8px}.elementor-widget-text-editor:not(.elementor-drop-cap-view-default) .elementor-drop-cap-letter{width:1em;height:1em}.elementor-widget-text-editor .elementor-drop-cap{float:left;text-align:center;line-height:1;font-size:50px}.elementor-widget-text-editor .elementor-drop-cap-letter{display:inline-block}<\/style>\t\t\t\t<p><!-- wp:paragraph --><\/p>\n<p class=\" translation-block\"><strong>CONIMCert m\u00fct\u0259x\u0259ssisl\u0259rinin etik kodeksin\u0259 sadiqliyi k\u00f6n\u00fcll\u00fcd\u00fcr. Bununla bel\u0259, \u00fczv bu kodeks\u0259 \u0259m\u0259l etm\u0259zs\u0259 v\u0259  <\/strong><strong>CONIMCert<\/strong><strong> \u00fczvl\u0259rinin davran\u0131\u015f qaydalar\u0131n\u0131 kobud \u015f\u0259kild\u0259 pozarsa, onun \u00fczvl\u00fcy\u00fcn\u0259 xitam veril\u0259c\u0259k v\u0259 sertifikatlar\u0131 l\u0259\u011fv edil\u0259c\u0259k. <\/strong><strong>CONIMCert<\/strong><strong> sertifikatl\u0131 m\u00fct\u0259x\u0259ssisl\u0259ri v\u0259 dig\u0259r \u00fczvl\u0259ri t\u0259r\u0259find\u0259n h\u0259m bu M\u0259c\u0259ll\u0259d\u0259 t\u0259sbit olunmu\u015f prinsipl\u0259r\u0259 riay\u0259t etm\u0259k, h\u0259m d\u0259  <\/strong><strong>CONIMCert-\u0259 uy\u011funlu\u011fu saxlamaq vacibdir.<\/strong><\/p>\n<p><!-- \/wp:paragraph --><!-- wp:paragraph --><\/p>\n<p>CONIMCert\u00a0m\u00fct\u0259x\u0259ssisi:<\/p>\n<p><!-- \/wp:paragraph --><\/p>\n<ul>\n<li>Pe\u015f\u0259kar davranmaq, d\u00fcr\u00fcst, d\u0259qiq, q\u0259r\u0259zsiz, m\u0259suliyy\u0259tli v\u0259 m\u00fcst\u0259qil olmaq.<\/li>\n<\/ul>\n<ul>\n<li>H\u0259mi\u015f\u0259 yaln\u0131z i\u015f\u0259g\u00f6t\u00fcr\u0259nl\u0259rinin, m\u00fc\u015ft\u0259ril\u0259rinin, ictimaiyy\u0259tinin v\u0259 pe\u015f\u0259sinin maraqlar\u0131na uy\u011fun h\u0259r\u0259k\u0259t edin (pe\u015f\u0259kar standartlara v\u0259 pe\u015f\u0259kar xidm\u0259tl\u0259r g\u00f6st\u0259r\u0259rk\u0259n istifad\u0259 olunan metodlara uy\u011fun h\u0259r\u0259k\u0259t edin).<\/li>\n<\/ul>\n<ul>\n<li>M\u00fcvafiq sah\u0259l\u0259rd\u0259 \u00f6z s\u0259ri\u015ft\u0259l\u0259rini qoruyub saxlamal\u0131 v\u0259 pe\u015f\u0259kar bacar\u0131qlar\u0131n\u0131 daim t\u0259kmill\u0259\u015fdirm\u0259y\u0259 \u00e7al\u0131\u015fmal\u0131d\u0131rlar.<\/li>\n<\/ul>\n<ul>\n<li>M\u00fcmk\u00fcn probleml\u0259r v\u0259 ya riskl\u0259r d\u0259 daxil olmaqla, t\u0259klif olunan xidm\u0259tl\u0259rin mahiyy\u0259ti haqq\u0131nda m\u00fc\u015ft\u0259ril\u0259r\u0259 adekvat v\u0259 tam m\u0259lumat verm\u0259k h\u00fcququna malik oldu\u011fu yaln\u0131z pe\u015f\u0259kar xidm\u0259tl\u0259r t\u0259klif edin.<\/li>\n<\/ul>\n<ul>\n<li>H\u0259r bir i\u015f\u0259g\u00f6t\u00fcr\u0259n\u0259 v\u0259 ya m\u00fc\u015ft\u0259riy\u0259 onlar\u0131n m\u00fchakim\u0259sin\u0259 v\u0259 \u0259dal\u0259tliliyin\u0259 t\u0259sir ed\u0259 bil\u0259c\u0259k h\u0259r hans\u0131 biznes maraqlar\u0131 v\u0259 ya \u00fc\u00e7\u00fcnc\u00fc t\u0259r\u0259fin t\u0259siri bar\u0259d\u0259 m\u0259lumat verin.<\/li>\n<\/ul>\n<ul>\n<li>H\u0259r hans\u0131 indiki v\u0259 ya ke\u00e7mi\u015f i\u015f\u0259g\u00f6t\u00fcr\u0259n v\u0259 ya m\u00fc\u015ft\u0259ri il\u0259 pe\u015f\u0259kar v\u0259 i\u015fg\u00fczar m\u00fcnasib\u0259tl\u0259r zaman\u0131 \u0259ld\u0259 edilmi\u015f m\u0259lumatlar\u0131n ciddi m\u0259xfiliyini v\u0259 m\u0259xfiliyini t\u0259min edin.<\/li>\n<\/ul>\n<ul>\n<li>Pe\u015f\u0259kar f\u0259aliyy\u0259tin h\u0259yata ke\u00e7irildiyi \u00f6lk\u0259l\u0259rin b\u00fct\u00fcn qanunlar\u0131na \u0259m\u0259l edin.<\/li>\n<\/ul>\n<ul>\n<li>Ba\u015fqalar\u0131n\u0131n intellektual m\u00fclkiyy\u0259tin\u0259 v\u0259 \u0259m\u0259yin\u0259 h\u00f6rm\u0259t edin.<\/li>\n<\/ul>\n<ul>\n<li>He\u00e7 bir halda pe\u015f\u0259kar m\u0259qs\u0259dl\u0259r \u00fc\u00e7\u00fcn namiz\u0259din qiym\u0259tl\u0259ndirilm\u0259si prosesinin b\u00fct\u00f6vl\u00fcy\u00fcn\u0259 x\u0259l\u0259l g\u0259tir\u0259 bil\u0259c\u0259k yanl\u0131\u015f v\u0259 ya saxta m\u0259lumat\u0131 bil\u0259r\u0259kd\u0259n t\u0259qdim etm\u0259m\u0259k.<\/li>\n<\/ul>\n<ul>\n<li>CONIMCert\u00a0v\u0259 ya onun sertifikatla\u015fd\u0131rma proqramlar\u0131n\u0131n reputasiyas\u0131na x\u0259l\u0259l g\u0259tir\u0259 bil\u0259c\u0259k h\u0259r hans\u0131 bir \u015f\u0259kild\u0259 h\u0259r\u0259k\u0259t etm\u0259yin, bu Etika Kodeksinin pozulmas\u0131 hal\u0131nda t\u0259l\u0259b edildikd\u0259 tam \u0259m\u0259kda\u015fl\u0131q edin.<\/li>\n<\/ul>\n<p><!-- \/wp:list --><\/p>\t\t\t\t\t\t<\/div>\n\t\t\t\t<\/div>\n\t\t\t\t\t<\/div>\n\t\t<\/div>\n\t\t\t\t\t<\/div>\n\t\t<\/section>\n\t\t\t\t<\/div>","protected":false},"excerpt":{"rendered":"<p>The commitment of CONIMCert professionals to a code of ethics is voluntary. However, if a member does not comply with this code and grossly violates the rules of conduct for members of the&nbsp;CONIMCert, its membership will be terminated and the certificates revoked. For&nbsp;CONIMCert&nbsp;certified professionals, it is important not only to adhere to the principles set [&hellip;]<\/p>","protected":false},"author":4,"featured_media":0,"parent":0,"menu_order":0,"comment_status":"closed","ping_status":"closed","template":"","meta":{"_acf_changed":false,"om_disable_all_campaigns":false,"_mi_skip_tracking":false,"footnotes":""},"class_list":["post-688","page","type-page","status-publish","hentry"],"acf":[],"yoast_head":"<!-- This site is optimized with the Yoast SEO plugin v20.5 - https:\/\/yoast.com\/wordpress\/plugins\/seo\/ -->\n<title>Code of Ethics - Conimcert<\/title>\n<meta name=\"robots\" content=\"index, follow, max-snippet:-1, max-image-preview:large, max-video-preview:-1\" \/>\n<link rel=\"canonical\" href=\"https:\/\/conimcert.com\/az\/code-of-ethics\/\" \/>\n<meta property=\"og:locale\" content=\"az_AZ\" \/>\n<meta property=\"og:type\" content=\"article\" \/>\n<meta property=\"og:title\" content=\"Code of Ethics - Conimcert\" \/>\n<meta property=\"og:description\" content=\"The commitment of CONIMCert professionals to a code of ethics is voluntary. However, if a member does not comply with this code and grossly violates the rules of conduct for members of the&nbsp;CONIMCert, its membership will be terminated and the certificates revoked. For&nbsp;CONIMCert&nbsp;certified professionals, it is important not only to adhere to the principles set [&hellip;]\" \/>\n<meta property=\"og:url\" content=\"https:\/\/conimcert.com\/az\/code-of-ethics\/\" \/>\n<meta property=\"og:site_name\" content=\"Conimcert\" \/>\n<meta property=\"article:modified_time\" content=\"2023-05-25T09:34:07+00:00\" \/>\n<meta name=\"twitter:card\" content=\"summary_large_image\" \/>\n<meta name=\"twitter:label1\" content=\"Est. reading time\" \/>\n\t<meta name=\"twitter:data1\" content=\"2 minutes\" \/>\n<script type=\"application\/ld+json\" class=\"yoast-schema-graph\">{\"@context\":\"https:\/\/schema.org\",\"@graph\":[{\"@type\":\"WebPage\",\"@id\":\"https:\/\/conimcert.com\/code-of-ethics\/\",\"url\":\"https:\/\/conimcert.com\/code-of-ethics\/\",\"name\":\"Code of Ethics - Conimcert\",\"isPartOf\":{\"@id\":\"https:\/\/conimcert.com\/#website\"},\"datePublished\":\"2023-04-06T20:34:55+00:00\",\"dateModified\":\"2023-05-25T09:34:07+00:00\",\"breadcrumb\":{\"@id\":\"https:\/\/conimcert.com\/code-of-ethics\/#breadcrumb\"},\"inLanguage\":\"az\",\"potentialAction\":[{\"@type\":\"ReadAction\",\"target\":[\"https:\/\/conimcert.com\/code-of-ethics\/\"]}]},{\"@type\":\"BreadcrumbList\",\"@id\":\"https:\/\/conimcert.com\/code-of-ethics\/#breadcrumb\",\"itemListElement\":[{\"@type\":\"ListItem\",\"position\":1,\"name\":\"Home\",\"item\":\"https:\/\/conimcert.com\/\"},{\"@type\":\"ListItem\",\"position\":2,\"name\":\"Code of Ethics\"}]},{\"@type\":\"WebSite\",\"@id\":\"https:\/\/conimcert.com\/#website\",\"url\":\"https:\/\/conimcert.com\/\",\"name\":\"Conimcert\",\"description\":\"\",\"publisher\":{\"@id\":\"https:\/\/conimcert.com\/#organization\"},\"potentialAction\":[{\"@type\":\"SearchAction\",\"target\":{\"@type\":\"EntryPoint\",\"urlTemplate\":\"https:\/\/conimcert.com\/?s={search_term_string}\"},\"query-input\":\"required name=search_term_string\"}],\"inLanguage\":\"az\"},{\"@type\":\"Organization\",\"@id\":\"https:\/\/conimcert.com\/#organization\",\"name\":\"Conimcert\",\"url\":\"https:\/\/conimcert.com\/\",\"logo\":{\"@type\":\"ImageObject\",\"inLanguage\":\"az\",\"@id\":\"https:\/\/conimcert.com\/#\/schema\/logo\/image\/\",\"url\":\"https:\/\/conimcert.com\/wp-content\/uploads\/2023\/03\/Conim-LOGO.png\",\"contentUrl\":\"https:\/\/conimcert.com\/wp-content\/uploads\/2023\/03\/Conim-LOGO.png\",\"width\":877,\"height\":151,\"caption\":\"Conimcert\"},\"image\":{\"@id\":\"https:\/\/conimcert.com\/#\/schema\/logo\/image\/\"}}]}<\/script>\n<!-- \/ Yoast SEO plugin. -->","yoast_head_json":{"title":"Code of Ethics - Conimcert","robots":{"index":"index","follow":"follow","max-snippet":"max-snippet:-1","max-image-preview":"max-image-preview:large","max-video-preview":"max-video-preview:-1"},"canonical":"https:\/\/conimcert.com\/az\/code-of-ethics\/","og_locale":"az_AZ","og_type":"article","og_title":"Code of Ethics - Conimcert","og_description":"The commitment of CONIMCert professionals to a code of ethics is voluntary. However, if a member does not comply with this code and grossly violates the rules of conduct for members of the&nbsp;CONIMCert, its membership will be terminated and the certificates revoked. For&nbsp;CONIMCert&nbsp;certified professionals, it is important not only to adhere to the principles set [&hellip;]","og_url":"https:\/\/conimcert.com\/az\/code-of-ethics\/","og_site_name":"Conimcert","article_modified_time":"2023-05-25T09:34:07+00:00","twitter_card":"summary_large_image","twitter_misc":{"Est. reading time":"2 minutes"},"schema":{"@context":"https:\/\/schema.org","@graph":[{"@type":"WebPage","@id":"https:\/\/conimcert.com\/code-of-ethics\/","url":"https:\/\/conimcert.com\/code-of-ethics\/","name":"Code of Ethics - Conimcert","isPartOf":{"@id":"https:\/\/conimcert.com\/#website"},"datePublished":"2023-04-06T20:34:55+00:00","dateModified":"2023-05-25T09:34:07+00:00","breadcrumb":{"@id":"https:\/\/conimcert.com\/code-of-ethics\/#breadcrumb"},"inLanguage":"az","potentialAction":[{"@type":"ReadAction","target":["https:\/\/conimcert.com\/code-of-ethics\/"]}]},{"@type":"BreadcrumbList","@id":"https:\/\/conimcert.com\/code-of-ethics\/#breadcrumb","itemListElement":[{"@type":"ListItem","position":1,"name":"Home","item":"https:\/\/conimcert.com\/"},{"@type":"ListItem","position":2,"name":"Code of Ethics"}]},{"@type":"WebSite","@id":"https:\/\/conimcert.com\/#website","url":"https:\/\/conimcert.com\/","name":"Conimcert","description":"","publisher":{"@id":"https:\/\/conimcert.com\/#organization"},"potentialAction":[{"@type":"SearchAction","target":{"@type":"EntryPoint","urlTemplate":"https:\/\/conimcert.com\/?s={search_term_string}"},"query-input":"required name=search_term_string"}],"inLanguage":"az"},{"@type":"Organization","@id":"https:\/\/conimcert.com\/#organization","name":"Conimcert","url":"https:\/\/conimcert.com\/","logo":{"@type":"ImageObject","inLanguage":"az","@id":"https:\/\/conimcert.com\/#\/schema\/logo\/image\/","url":"https:\/\/conimcert.com\/wp-content\/uploads\/2023\/03\/Conim-LOGO.png","contentUrl":"https:\/\/conimcert.com\/wp-content\/uploads\/2023\/03\/Conim-LOGO.png","width":877,"height":151,"caption":"Conimcert"},"image":{"@id":"https:\/\/conimcert.com\/#\/schema\/logo\/image\/"}}]}},"_links":{"self":[{"href":"https:\/\/conimcert.com\/az\/wp-json\/wp\/v2\/pages\/688","targetHints":{"allow":["GET"]}}],"collection":[{"href":"https:\/\/conimcert.com\/az\/wp-json\/wp\/v2\/pages"}],"about":[{"href":"https:\/\/conimcert.com\/az\/wp-json\/wp\/v2\/types\/page"}],"author":[{"embeddable":true,"href":"https:\/\/conimcert.com\/az\/wp-json\/wp\/v2\/users\/4"}],"replies":[{"embeddable":true,"href":"https:\/\/conimcert.com\/az\/wp-json\/wp\/v2\/comments?post=688"}],"version-history":[{"count":15,"href":"https:\/\/conimcert.com\/az\/wp-json\/wp\/v2\/pages\/688\/revisions"}],"predecessor-version":[{"id":5298,"href":"https:\/\/conimcert.com\/az\/wp-json\/wp\/v2\/pages\/688\/revisions\/5298"}],"wp:attachment":[{"href":"https:\/\/conimcert.com\/az\/wp-json\/wp\/v2\/media?parent=688"}],"curies":[{"name":"wp","href":"https:\/\/api.w.org\/{rel}","templated":true}]}}