{"id":686,"date":"2023-04-06T20:31:46","date_gmt":"2023-04-06T20:31:46","guid":{"rendered":"https:\/\/conimcert.com\/?page_id=686"},"modified":"2023-05-22T07:15:53","modified_gmt":"2023-05-22T07:15:53","slug":"about-us","status":"publish","type":"page","link":"https:\/\/conimcert.com\/az\/about-us\/","title":{"rendered":"HAQQIMIZDA"},"content":{"rendered":"<div data-elementor-type=\"wp-page\" data-elementor-id=\"686\" class=\"elementor elementor-686\" data-elementor-post-type=\"page\">\n\t\t\t\t\t\t<section class=\"elementor-section elementor-top-section elementor-element elementor-element-24405d2c elementor-section-boxed elementor-section-height-default elementor-section-height-default\" data-id=\"24405d2c\" data-element_type=\"section\">\n\t\t\t\t\t\t<div class=\"elementor-container elementor-column-gap-default\">\n\t\t\t\t\t<div class=\"elementor-column elementor-col-100 elementor-top-column elementor-element elementor-element-7158cbf7\" data-id=\"7158cbf7\" data-element_type=\"column\">\n\t\t\t<div class=\"elementor-widget-wrap elementor-element-populated\">\n\t\t\t\t\t\t<div class=\"elementor-element elementor-element-e43d638 elementor-widget elementor-widget-image\" data-id=\"e43d638\" data-element_type=\"widget\" data-widget_type=\"image.default\">\n\t\t\t\t<div class=\"elementor-widget-container\">\n\t\t\t<style>\/*! elementor - v3.21.0 - 25-04-2024 *\/\n.elementor-widget-image{text-align:center}.elementor-widget-image a{display:inline-block}.elementor-widget-image a img[src$=\".svg\"]{width:48px}.elementor-widget-image img{vertical-align:middle;display:inline-block}<\/style>\t\t\t\t\t\t\t\t\t\t<img decoding=\"async\" src=\"https:\/\/conimcert.com\/wp-content\/plugins\/elementor\/assets\/images\/placeholder.png\" title=\"\" alt=\"\" loading=\"lazy\" \/>\t\t\t\t\t\t\t\t\t\t\t\t\t<\/div>\n\t\t\t\t<\/div>\n\t\t\t\t<div class=\"elementor-element elementor-element-17a07174 elementor-widget__width-initial elementor-widget elementor-widget-text-editor\" data-id=\"17a07174\" data-element_type=\"widget\" data-widget_type=\"text-editor.default\">\n\t\t\t\t<div class=\"elementor-widget-container\">\n\t\t\t<style>\/*! elementor - v3.21.0 - 25-04-2024 *\/\n.elementor-widget-text-editor.elementor-drop-cap-view-stacked .elementor-drop-cap{background-color:#69727d;color:#fff}.elementor-widget-text-editor.elementor-drop-cap-view-framed .elementor-drop-cap{color:#69727d;border:3px solid;background-color:transparent}.elementor-widget-text-editor:not(.elementor-drop-cap-view-default) .elementor-drop-cap{margin-top:8px}.elementor-widget-text-editor:not(.elementor-drop-cap-view-default) .elementor-drop-cap-letter{width:1em;height:1em}.elementor-widget-text-editor .elementor-drop-cap{float:left;text-align:center;line-height:1;font-size:50px}.elementor-widget-text-editor .elementor-drop-cap-letter{display:inline-block}<\/style>\t\t\t\t<!-- wp:paragraph -->\n<h2><strong>Biz kimik?<\/strong><\/h2>\n<!-- \/wp:paragraph --><!-- wp:paragraph -->\n<p>CONIMCert, kadr haz\u0131rl\u0131\u011f\u0131 v\u0259 sertifikatla\u015fd\u0131r\u0131lmas\u0131, korporativ idar\u0259etm\u0259 sisteml\u0259rinin v\u0259 m\u0259hsullar\u0131n beyn\u0259lxalq standartlar\u0131n t\u0259l\u0259bl\u0259rin\u0259 uy\u011fun sertifikatla\u015fd\u0131r\u0131lmas\u0131 \u00fczr\u0259 d\u00fcnya lideri olan PECB Group Inc. (Pe\u015f\u0259kar Qiym\u0259tl\u0259ndirm\u0259 v\u0259 Sertifikatla\u015fd\u0131rma \u015euras\u0131) sertifikatla\u015fd\u0131rma orqan\u0131n\u0131n Az\u0259rbaycanda r\u0259smi reselleridir.<\/p>\n<!-- \/wp:paragraph --><!-- wp:paragraph -->\n<p>Biz \u0130SO seriyal\u0131 beyn\u0259lxalq standartlar\u0131n t\u0259tbiqi v\u0259 auditi sah\u0259l\u0259rind\u0259 m\u00fct\u0259x\u0259ssisl\u0259rin pe\u015f\u0259kar inki\u015faf\u0131 \u00fc\u00e7\u00fcn imkan yarad\u0131r\u0131q. \u018flav\u0259 m\u0259lumat \u00fc\u00e7\u00fcn \u201cF\u0259rdi \u015e\u0259xsl\u0259r \u00fc\u00e7\u00fcn T\u0259hsil v\u0259 Sertifikatla\u015fd\u0131rma\u201d b\u00f6lm\u0259sin\u0259 daxil olun.<\/p>\n<!-- \/wp:paragraph --><!-- wp:paragraph -->\n<p>Biz h\u0259m\u00e7inin m\u00fc\u0259ssis\u0259l\u0259ri \u0130SO seriyal\u0131 beyn\u0259lxalq standartlara uy\u011fun sertifikatla\u015fd\u0131r\u0131r\u0131q ki, bu da m\u00fc\u0259ssis\u0259d\u0259ki b\u00fct\u00fcn prosesl\u0259ri \u0259n yax\u015f\u0131 beyn\u0259lxalq t\u0259cr\u00fcb\u0259y\u0259 uy\u011fun t\u0259\u015fkil etm\u0259y\u0259, bazarda brend \u015f\u00fcurunu art\u0131rma\u011fa v\u0259 beyn\u0259lxalq sat\u0131\u015f bazarlar\u0131na \u00e7\u0131x\u0131\u015f\u0131 asanla\u015fd\u0131rma\u011fa imkan ver\u0259c\u0259k. \u018ftrafl\u0131 m\u0259lumat \u00fc\u00e7\u00fcn \u201cT\u0259\u015fkilatlar \u00fc\u00e7\u00fcn Audit v\u0259 Sertifikatla\u015fd\u0131rma\u201d b\u00f6lm\u0259sin\u0259 daxil olun.<\/p>\n<!-- \/wp:paragraph --><!-- wp:paragraph -->\n<p>\u018fn y\u00fcks\u0259k s\u0259viyy\u0259d\u0259 xidm\u0259t g\u00f6st\u0259rm\u0259k \u00fc\u00e7\u00fcn kifay\u0259t q\u0259d\u0259r s\u0259ri\u015ft\u0259miz var. M\u00fct\u0259x\u0259ssisl\u0259rimiz t\u0259lim v\u0259 sistem auditi xidm\u0259tl\u0259rinin g\u00f6st\u0259rilm\u0259si sah\u0259sind\u0259 yax\u015f\u0131 t\u0259cr\u00fcb\u0259y\u0259 malikdirl\u0259r. \u018flav\u0259 m\u0259lumat \u00fc\u00e7\u00fcn \u201cAkreditasiya\u201d v\u0259 \u201cKomandam\u0131z\u201d b\u00f6lm\u0259l\u0259rin\u0259 daxil olun.<\/p>\n<!-- \/wp:paragraph --><!-- wp:paragraph -->\n<h2><strong>Niy\u0259 bizi \u00fcst\u00fcnl\u00fck veril\u0259n sertifikatla\u015fd\u0131rma orqan\u0131 kimi se\u00e7m\u0259lisiniz?<\/strong><\/h2>\n<!-- \/wp:paragraph --><!-- wp:paragraph -->\n<p><strong>Qlobal tan\u0131nma. <\/strong>D\u00fcnyan\u0131n \u0259n n\u00fcfuzlu akkreditasiya orqanlar\u0131ndan b\u0259zil\u0259rinin akkreditasiyas\u0131 biz\u0259 d\u00fcnya miqyas\u0131nda tan\u0131nma imkan\u0131 verir v\u0259 g\u00f6st\u0259ril\u0259n xidm\u0259tl\u0259rin \u0259n yax\u015f\u0131 keyfiyy\u0259tini t\u0259min etm\u0259k \u00fc\u00e7\u00fcn \u0259n yax\u015f\u0131 t\u0259cr\u00fcb\u0259l\u0259r\u0259 sadiqliyimizi s\u00fcbut edir.  PECB t\u0259r\u0259find\u0259n t\u0259lim ke\u00e7mi\u015f v\u0259 sertifikatla\u015fd\u0131r\u0131lm\u0131\u015f m\u00fct\u0259x\u0259ssisl\u0259r daxili v\u0259 xarici bazarlarda tan\u0131n\u0131rlar.<\/p>\n<!-- \/wp:paragraph --><!-- wp:paragraph -->\n<p><strong>\u0130xtisasl\u0131 kadr.<\/strong> Biziml\u0259 yaln\u0131z \u00f6z sah\u0259l\u0259rind\u0259 kifay\u0259t q\u0259d\u0259r t\u0259cr\u00fcb\u0259y\u0259 v\u0259 m\u00fcvafiq sertifikata malik olan s\u0259lahiyy\u0259tli m\u00fct\u0259x\u0259ssisl\u0259r i\u015fl\u0259yir. B\u00fct\u00fcn \u0259m\u0259kda\u015flar\u0131m\u0131z \u00f6z ixtisaslar\u0131n\u0131 qorumaq \u00fc\u00e7\u00fcn daim t\u0259lim ke\u00e7irl\u0259r v\u0259 m\u00fc\u015ft\u0259ril\u0259rimiz \u00fc\u00e7\u00fcn \u0259n yax\u015f\u0131 n\u0259tic\u0259l\u0259ri t\u0259min etm\u0259k \u00fc\u00e7\u00fcn monitorinq edilirl\u0259r.<\/p>\n<!-- \/wp:paragraph --><!-- wp:paragraph -->\n<p><strong>M\u00fcnasib qiym\u0259tl\u0259r.<\/strong> Bu g\u00fcn \u0259n pe\u015f\u0259kar v\u0259 tan\u0131nan sertifikat\u0131 t\u0259qdim etm\u0259k bacar\u0131\u011f\u0131 bizim \u00fcst\u00fcnl\u00fcy\u00fcm\u00fczd\u00fcr. Biz h\u0259r \u00fc\u00e7 prosesi - t\u0259lim, imtahan v\u0259 sertifikatla\u015fd\u0131rman\u0131 bir qiym\u0259t\u0259 daxil edirik ki, bu da bu c\u00fcr xidm\u0259tl\u0259r \u00fc\u00e7\u00fcn bazarda \u0259n a\u015fa\u011f\u0131 qiym\u0259tdir.<\/p>\n<!-- \/wp:paragraph -->\t\t\t\t\t\t<\/div>\n\t\t\t\t<\/div>\n\t\t\t\t\t<\/div>\n\t\t<\/div>\n\t\t\t\t\t<\/div>\n\t\t<\/section>\n\t\t\t\t<\/div>","protected":false},"excerpt":{"rendered":"<p>Who are we? CONIMCert is the official reseller in Azerbaijan of the certification body PECB Group Inc. (Professional Evaluation and Certification Board) &#8211; the world leader in training and certification of personnel, certification of corporate management systems and products in accordance with the requirements of international standards. We provide an opportunity for professional development of [&hellip;]<\/p>","protected":false},"author":4,"featured_media":0,"parent":0,"menu_order":0,"comment_status":"closed","ping_status":"closed","template":"","meta":{"_acf_changed":false,"om_disable_all_campaigns":false,"_mi_skip_tracking":false,"footnotes":""},"class_list":["post-686","page","type-page","status-publish","hentry"],"acf":[],"yoast_head":"<!-- This site is optimized with the Yoast SEO plugin v20.5 - https:\/\/yoast.com\/wordpress\/plugins\/seo\/ -->\n<title>ABOUT US - Conimcert<\/title>\n<meta name=\"robots\" content=\"index, follow, max-snippet:-1, max-image-preview:large, max-video-preview:-1\" \/>\n<link rel=\"canonical\" href=\"https:\/\/conimcert.com\/az\/about-us\/\" \/>\n<meta property=\"og:locale\" content=\"az_AZ\" \/>\n<meta property=\"og:type\" content=\"article\" \/>\n<meta property=\"og:title\" content=\"ABOUT US - Conimcert\" \/>\n<meta property=\"og:description\" content=\"Who are we? CONIMCert is the official reseller in Azerbaijan of the certification body PECB Group Inc. (Professional Evaluation and Certification Board) &#8211; the world leader in training and certification of personnel, certification of corporate management systems and products in accordance with the requirements of international standards. We provide an opportunity for professional development of [&hellip;]\" \/>\n<meta property=\"og:url\" content=\"https:\/\/conimcert.com\/az\/about-us\/\" \/>\n<meta property=\"og:site_name\" content=\"Conimcert\" \/>\n<meta property=\"article:modified_time\" content=\"2023-05-22T07:15:53+00:00\" \/>\n<meta property=\"og:image\" content=\"https:\/\/conimcert.com\/wp-content\/plugins\/elementor\/assets\/images\/placeholder.png\" \/>\n<meta name=\"twitter:card\" content=\"summary_large_image\" \/>\n<meta name=\"twitter:label1\" content=\"Est. reading time\" \/>\n\t<meta name=\"twitter:data1\" content=\"2 minutes\" \/>\n<script type=\"application\/ld+json\" class=\"yoast-schema-graph\">{\"@context\":\"https:\/\/schema.org\",\"@graph\":[{\"@type\":\"WebPage\",\"@id\":\"https:\/\/conimcert.com\/about-us\/\",\"url\":\"https:\/\/conimcert.com\/about-us\/\",\"name\":\"ABOUT US - Conimcert\",\"isPartOf\":{\"@id\":\"https:\/\/conimcert.com\/#website\"},\"datePublished\":\"2023-04-06T20:31:46+00:00\",\"dateModified\":\"2023-05-22T07:15:53+00:00\",\"breadcrumb\":{\"@id\":\"https:\/\/conimcert.com\/about-us\/#breadcrumb\"},\"inLanguage\":\"az\",\"potentialAction\":[{\"@type\":\"ReadAction\",\"target\":[\"https:\/\/conimcert.com\/about-us\/\"]}]},{\"@type\":\"BreadcrumbList\",\"@id\":\"https:\/\/conimcert.com\/about-us\/#breadcrumb\",\"itemListElement\":[{\"@type\":\"ListItem\",\"position\":1,\"name\":\"Home\",\"item\":\"https:\/\/conimcert.com\/\"},{\"@type\":\"ListItem\",\"position\":2,\"name\":\"ABOUT US\"}]},{\"@type\":\"WebSite\",\"@id\":\"https:\/\/conimcert.com\/#website\",\"url\":\"https:\/\/conimcert.com\/\",\"name\":\"Conimcert\",\"description\":\"\",\"publisher\":{\"@id\":\"https:\/\/conimcert.com\/#organization\"},\"potentialAction\":[{\"@type\":\"SearchAction\",\"target\":{\"@type\":\"EntryPoint\",\"urlTemplate\":\"https:\/\/conimcert.com\/?s={search_term_string}\"},\"query-input\":\"required name=search_term_string\"}],\"inLanguage\":\"az\"},{\"@type\":\"Organization\",\"@id\":\"https:\/\/conimcert.com\/#organization\",\"name\":\"Conimcert\",\"url\":\"https:\/\/conimcert.com\/\",\"logo\":{\"@type\":\"ImageObject\",\"inLanguage\":\"az\",\"@id\":\"https:\/\/conimcert.com\/#\/schema\/logo\/image\/\",\"url\":\"https:\/\/conimcert.com\/wp-content\/uploads\/2023\/03\/Conim-LOGO.png\",\"contentUrl\":\"https:\/\/conimcert.com\/wp-content\/uploads\/2023\/03\/Conim-LOGO.png\",\"width\":877,\"height\":151,\"caption\":\"Conimcert\"},\"image\":{\"@id\":\"https:\/\/conimcert.com\/#\/schema\/logo\/image\/\"}}]}<\/script>\n<!-- \/ Yoast SEO plugin. -->","yoast_head_json":{"title":"ABOUT US - Conimcert","robots":{"index":"index","follow":"follow","max-snippet":"max-snippet:-1","max-image-preview":"max-image-preview:large","max-video-preview":"max-video-preview:-1"},"canonical":"https:\/\/conimcert.com\/az\/about-us\/","og_locale":"az_AZ","og_type":"article","og_title":"ABOUT US - Conimcert","og_description":"Who are we? CONIMCert is the official reseller in Azerbaijan of the certification body PECB Group Inc. (Professional Evaluation and Certification Board) &#8211; the world leader in training and certification of personnel, certification of corporate management systems and products in accordance with the requirements of international standards. We provide an opportunity for professional development of [&hellip;]","og_url":"https:\/\/conimcert.com\/az\/about-us\/","og_site_name":"Conimcert","article_modified_time":"2023-05-22T07:15:53+00:00","og_image":[{"url":"https:\/\/conimcert.com\/wp-content\/plugins\/elementor\/assets\/images\/placeholder.png"}],"twitter_card":"summary_large_image","twitter_misc":{"Est. reading time":"2 minutes"},"schema":{"@context":"https:\/\/schema.org","@graph":[{"@type":"WebPage","@id":"https:\/\/conimcert.com\/about-us\/","url":"https:\/\/conimcert.com\/about-us\/","name":"ABOUT US - Conimcert","isPartOf":{"@id":"https:\/\/conimcert.com\/#website"},"datePublished":"2023-04-06T20:31:46+00:00","dateModified":"2023-05-22T07:15:53+00:00","breadcrumb":{"@id":"https:\/\/conimcert.com\/about-us\/#breadcrumb"},"inLanguage":"az","potentialAction":[{"@type":"ReadAction","target":["https:\/\/conimcert.com\/about-us\/"]}]},{"@type":"BreadcrumbList","@id":"https:\/\/conimcert.com\/about-us\/#breadcrumb","itemListElement":[{"@type":"ListItem","position":1,"name":"Home","item":"https:\/\/conimcert.com\/"},{"@type":"ListItem","position":2,"name":"ABOUT US"}]},{"@type":"WebSite","@id":"https:\/\/conimcert.com\/#website","url":"https:\/\/conimcert.com\/","name":"Conimcert","description":"","publisher":{"@id":"https:\/\/conimcert.com\/#organization"},"potentialAction":[{"@type":"SearchAction","target":{"@type":"EntryPoint","urlTemplate":"https:\/\/conimcert.com\/?s={search_term_string}"},"query-input":"required name=search_term_string"}],"inLanguage":"az"},{"@type":"Organization","@id":"https:\/\/conimcert.com\/#organization","name":"Conimcert","url":"https:\/\/conimcert.com\/","logo":{"@type":"ImageObject","inLanguage":"az","@id":"https:\/\/conimcert.com\/#\/schema\/logo\/image\/","url":"https:\/\/conimcert.com\/wp-content\/uploads\/2023\/03\/Conim-LOGO.png","contentUrl":"https:\/\/conimcert.com\/wp-content\/uploads\/2023\/03\/Conim-LOGO.png","width":877,"height":151,"caption":"Conimcert"},"image":{"@id":"https:\/\/conimcert.com\/#\/schema\/logo\/image\/"}}]}},"_links":{"self":[{"href":"https:\/\/conimcert.com\/az\/wp-json\/wp\/v2\/pages\/686","targetHints":{"allow":["GET"]}}],"collection":[{"href":"https:\/\/conimcert.com\/az\/wp-json\/wp\/v2\/pages"}],"about":[{"href":"https:\/\/conimcert.com\/az\/wp-json\/wp\/v2\/types\/page"}],"author":[{"embeddable":true,"href":"https:\/\/conimcert.com\/az\/wp-json\/wp\/v2\/users\/4"}],"replies":[{"embeddable":true,"href":"https:\/\/conimcert.com\/az\/wp-json\/wp\/v2\/comments?post=686"}],"version-history":[{"count":1,"href":"https:\/\/conimcert.com\/az\/wp-json\/wp\/v2\/pages\/686\/revisions"}],"predecessor-version":[{"id":5280,"href":"https:\/\/conimcert.com\/az\/wp-json\/wp\/v2\/pages\/686\/revisions\/5280"}],"wp:attachment":[{"href":"https:\/\/conimcert.com\/az\/wp-json\/wp\/v2\/media?parent=686"}],"curies":[{"name":"wp","href":"https:\/\/api.w.org\/{rel}","templated":true}]}}