{"id":684,"date":"2023-04-06T20:27:57","date_gmt":"2023-04-06T20:27:57","guid":{"rendered":"https:\/\/conimcert.com\/?page_id=684"},"modified":"2023-04-06T20:27:57","modified_gmt":"2023-04-06T20:27:57","slug":"cancellation-and-refund-policy","status":"publish","type":"page","link":"https:\/\/conimcert.com\/az\/cancellation-and-refund-policy\/","title":{"rendered":"L\u018f\u011eV V\u018f QAYTARMA S\u0130YAS\u018fT\u0130"},"content":{"rendered":"<p>B\u00fct\u00fcn l\u0259\u011fvl\u0259r yaz\u0131l\u0131 \u015f\u0259kild\u0259 t\u0259sdiql\u0259nm\u0259lidir. T\u0259limin ba\u015flama tarixin\u0259 30 g\u00fcnd\u0259n az, lakin 15 g\u00fcnd\u0259n \u00e7ox m\u00fcdd\u0259t qald\u0131qda yaz\u0131l\u0131 \u015f\u0259kild\u0259 q\u0259bul edil\u0259n l\u0259\u011fvl\u0259r t\u0259lim haqq\u0131n\u0131n 50%-i geri qaytar\u0131lacaq. T\u0259limin ba\u015flama tarixin\u0259 15 g\u00fcnd\u0259n az qalm\u0131\u015f al\u0131nan h\u0259r hans\u0131 bir l\u0259\u011fv pulu geri qaytar\u0131lmayacaq.<\/p>\n\n\n\n<p>M\u00fc\u015ft\u0259ri kursun ba\u015flama tarixind\u0259n 15 g\u00fcn \u0259vv\u0259l\u0259 q\u0259d\u0259r sonrak\u0131 t\u0259lim t\u0259dbirin\u0259 k\u00f6\u00e7\u00fcrm\u0259ni t\u0259l\u0259b ed\u0259 bil\u0259r, bu \u015f\u0259rtl\u0259 ki: \u0259g\u0259r sor\u011fu t\u0259limin davam etm\u0259sin\u0259 mane olarsa v\u0259 ya CONIMCert t\u0259r\u0259find\u0259n \u0259lav\u0259 x\u0259rcl\u0259r yaranarsa, o zaman bunlar \u00fc\u00e7\u00fcn sifari\u015f\u00e7id\u0259n maksimum tam t\u0259lim haqq\u0131n\u0131n m\u0259bl\u0259\u011find\u0259 \u00f6d\u0259ni\u015f tutulacaq . T\u0259limin ba\u015flama tarixind\u0259n 15 g\u00fcnd\u0259n az \u0259vv\u0259l q\u0259bul edilmi\u015f h\u0259r hans\u0131 transfer sor\u011fusu zaman\u0131 \u00f6d\u0259ni\u015f geri qaytar\u0131lmayacaq. H\u0259r rezervasiya \u00fc\u00e7\u00fcn yaln\u0131z bir k\u00f6\u00e7\u00fcrm\u0259 sor\u011fusuna icaz\u0259 verilir.<\/p>\n\n\n\n<p>CONIM Cert ist\u0259diyi vaxt kurslar\u0131 l\u0259\u011fv etm\u0259k v\u0259 ya t\u0259xir\u0259 salmaq h\u00fcququnu \u00f6z\u00fcnd\u0259 saxlay\u0131r. Kurs l\u0259\u011fv edil\u0259rs\u0259 v\u0259 alternativ tarix uy\u011fun deyils\u0259, \u00f6d\u0259ni\u015fl\u0259r tam olaraq geri qaytar\u0131lacaq. CONIM Cert, \u00f6d\u0259nil\u0259n kurs haqq\u0131ndan ba\u015fqa n\u00fcmay\u0259nd\u0259l\u0259rin \u00e7\u0259kdiyi h\u0259r hans\u0131 x\u0259rcl\u0259r\u0259 g\u00f6r\u0259 m\u0259suliyy\u0259t da\u015f\u0131mayacaq.<\/p>\n\n\n\n<p>\u018fg\u0259r m\u00fc\u015ft\u0259rinin t\u0259lim ke\u00e7iril\u0259c\u0259k m\u0259kana g\u0259li\u015fi \u00fc\u00e7\u00fcn \u0259lav\u0259 n\u0259qliyyat x\u0259rcl\u0259ri t\u0259l\u0259b olarsa, kursun davam etdiyin\u0259 \u0259min olmaq \u00fc\u00e7\u00fcn h\u0259r hans\u0131 rezervasiya etm\u0259zd\u0259n \u0259vv\u0259l CONIM Cert ofisi il\u0259 yoxlan\u0131lmal\u0131d\u0131r. \u018flav\u0259 x\u0259rcl\u0259r\u0259 g\u00f6r\u0259 CONIM Cert he\u00e7 bir m\u0259suliyy\u0259t da\u015f\u0131m\u0131r.<\/p>\n\n\n\n<p>CONIM Cert b\u00fct\u00fcn l\u0259\u011fvl\u0259ri v\u0259 ya yenid\u0259n planla\u015fd\u0131rma sor\u011fular\u0131n\u0131 e-po\u00e7t vasit\u0259sil\u0259 t\u0259sdiq ed\u0259c\u0259k. Kursun ba\u015flamas\u0131na q\u0259d\u0259r CONIM Certprior t\u0259r\u0259find\u0259n m\u00fcvafiq l\u0259\u011fv v\u0259 ya vaxt\u0131n d\u0259yi\u015fdirilm\u0259si t\u0259l\u0259bi q\u0259bul edilm\u0259dikd\u0259 v\u0259 t\u0259sdiq edilm\u0259dikd\u0259, b\u00fct\u00fcn \u00f6d\u0259ni\u015fl\u0259r \u00fc\u00e7\u00fcn maliyy\u0259 m\u0259suliyy\u0259ti M\u00fc\u015ft\u0259rid\u0259 qal\u0131r.<\/p>\n\n\n\n<p>T\u0259liml\u0259r il\u0259 ba\u011fl\u0131 r\u0259y CONIMCert \u00fc\u00e7\u00fcn \u00e7ox vacibdir. \u0130\u015ftirak\u00e7\u0131n\u0131n t\u0259limd\u0259n son d\u0259r\u0259c\u0259 naraz\u0131 qald\u0131\u011f\u0131 ehtimal olundu\u011fu halda, l\u00fctf\u0259n, m\u00fcvafiq t\u0259limin tamamlanmas\u0131ndan sonra otuz (30) t\u0259qvim g\u00fcn\u00fc \u0259rzind\u0259 bu c\u00fcr naraz\u0131l\u0131qla ba\u011fl\u0131 h\u0259r hans\u0131 t\u0259f\u0259rr\u00fcat bar\u0259d\u0259 yaz\u0131l\u0131 bildiri\u015f (t\u0259limd\u0259n sonrak\u0131 sor\u011fudan ba\u015fqa formada) il\u0259 CONIMCert-\u0259 t\u0259qdim edin. Z\u0259hm\u0259t olmasa, conimcert.com-un \u0259laq\u0259 b\u00f6lm\u0259sind\u0259 olan CONIMCert e-po\u00e7t \u00fcnvan\u0131na yaz\u0131\u015fmalar\u0131 g\u00f6nd\u0259rin. Bu c\u00fcr bildiri\u015fi ald\u0131qdan sonra CONIMCert \u00f6z m\u00fclahiz\u0259sin\u0259 \u0259sas\u0259n, h\u0259r hans\u0131 h\u0259ll vasit\u0259sinin (m\u0259s\u0259l\u0259n, kreditin) uy\u011fun olub olmad\u0131\u011f\u0131n\u0131 m\u00fc\u0259yy\u0259n ed\u0259 bil\u0259r. \u018fg\u0259r yuxar\u0131da g\u00f6st\u0259ril\u0259n otuz (30) t\u0259qvim g\u00fcn\u00fc \u0259rzind\u0259 bel\u0259 bildiri\u015f al\u0131nmazsa, CONIMCert m\u00fcmk\u00fcn h\u0259ll vasit\u0259l\u0259rini n\u0259z\u0259rd\u0259n ke\u00e7irm\u0259y\u0259c\u0259k.<\/p>","protected":false},"excerpt":{"rendered":"<p>All cancellations must be confirmed in writing. Cancellations received in writing less than 30 days but more than 15 days before course start date will receive a refund of 50% of course fees. Any cancellation received less than 15 days prior to course start date shall not receive a refund. Customer may request a transfer [&hellip;]<\/p>","protected":false},"author":4,"featured_media":0,"parent":0,"menu_order":0,"comment_status":"closed","ping_status":"closed","template":"","meta":{"_acf_changed":false,"om_disable_all_campaigns":false,"_mi_skip_tracking":false,"footnotes":""},"class_list":["post-684","page","type-page","status-publish","hentry"],"acf":[],"yoast_head":"<!-- This site is optimized with the Yoast SEO plugin v20.5 - https:\/\/yoast.com\/wordpress\/plugins\/seo\/ -->\n<title>CANCELLATION AND REFUND POLICY - Conimcert<\/title>\n<meta name=\"robots\" content=\"index, follow, max-snippet:-1, max-image-preview:large, max-video-preview:-1\" \/>\n<link rel=\"canonical\" href=\"https:\/\/conimcert.com\/az\/cancellation-and-refund-policy\/\" \/>\n<meta property=\"og:locale\" content=\"az_AZ\" \/>\n<meta property=\"og:type\" content=\"article\" \/>\n<meta property=\"og:title\" content=\"CANCELLATION AND REFUND POLICY - Conimcert\" \/>\n<meta property=\"og:description\" content=\"All cancellations must be confirmed in writing. Cancellations received in writing less than 30 days but more than 15 days before course start date will receive a refund of 50% of course fees. Any cancellation received less than 15 days prior to course start date shall not receive a refund. Customer may request a transfer [&hellip;]\" \/>\n<meta property=\"og:url\" content=\"https:\/\/conimcert.com\/az\/cancellation-and-refund-policy\/\" \/>\n<meta property=\"og:site_name\" content=\"Conimcert\" \/>\n<meta name=\"twitter:card\" content=\"summary_large_image\" \/>\n<meta name=\"twitter:label1\" content=\"Est. reading time\" \/>\n\t<meta name=\"twitter:data1\" content=\"2 minutes\" \/>\n<script type=\"application\/ld+json\" class=\"yoast-schema-graph\">{\"@context\":\"https:\/\/schema.org\",\"@graph\":[{\"@type\":\"WebPage\",\"@id\":\"https:\/\/conimcert.com\/cancellation-and-refund-policy\/\",\"url\":\"https:\/\/conimcert.com\/cancellation-and-refund-policy\/\",\"name\":\"CANCELLATION AND REFUND POLICY - Conimcert\",\"isPartOf\":{\"@id\":\"https:\/\/conimcert.com\/#website\"},\"datePublished\":\"2023-04-06T20:27:57+00:00\",\"dateModified\":\"2023-04-06T20:27:57+00:00\",\"breadcrumb\":{\"@id\":\"https:\/\/conimcert.com\/cancellation-and-refund-policy\/#breadcrumb\"},\"inLanguage\":\"az\",\"potentialAction\":[{\"@type\":\"ReadAction\",\"target\":[\"https:\/\/conimcert.com\/cancellation-and-refund-policy\/\"]}]},{\"@type\":\"BreadcrumbList\",\"@id\":\"https:\/\/conimcert.com\/cancellation-and-refund-policy\/#breadcrumb\",\"itemListElement\":[{\"@type\":\"ListItem\",\"position\":1,\"name\":\"Home\",\"item\":\"https:\/\/conimcert.com\/\"},{\"@type\":\"ListItem\",\"position\":2,\"name\":\"CANCELLATION AND REFUND POLICY\"}]},{\"@type\":\"WebSite\",\"@id\":\"https:\/\/conimcert.com\/#website\",\"url\":\"https:\/\/conimcert.com\/\",\"name\":\"Conimcert\",\"description\":\"\",\"publisher\":{\"@id\":\"https:\/\/conimcert.com\/#organization\"},\"potentialAction\":[{\"@type\":\"SearchAction\",\"target\":{\"@type\":\"EntryPoint\",\"urlTemplate\":\"https:\/\/conimcert.com\/?s={search_term_string}\"},\"query-input\":\"required name=search_term_string\"}],\"inLanguage\":\"az\"},{\"@type\":\"Organization\",\"@id\":\"https:\/\/conimcert.com\/#organization\",\"name\":\"Conimcert\",\"url\":\"https:\/\/conimcert.com\/\",\"logo\":{\"@type\":\"ImageObject\",\"inLanguage\":\"az\",\"@id\":\"https:\/\/conimcert.com\/#\/schema\/logo\/image\/\",\"url\":\"https:\/\/conimcert.com\/wp-content\/uploads\/2023\/03\/Conim-LOGO.png\",\"contentUrl\":\"https:\/\/conimcert.com\/wp-content\/uploads\/2023\/03\/Conim-LOGO.png\",\"width\":877,\"height\":151,\"caption\":\"Conimcert\"},\"image\":{\"@id\":\"https:\/\/conimcert.com\/#\/schema\/logo\/image\/\"}}]}<\/script>\n<!-- \/ Yoast SEO plugin. -->","yoast_head_json":{"title":"CANCELLATION AND REFUND POLICY - Conimcert","robots":{"index":"index","follow":"follow","max-snippet":"max-snippet:-1","max-image-preview":"max-image-preview:large","max-video-preview":"max-video-preview:-1"},"canonical":"https:\/\/conimcert.com\/az\/cancellation-and-refund-policy\/","og_locale":"az_AZ","og_type":"article","og_title":"CANCELLATION AND REFUND POLICY - Conimcert","og_description":"All cancellations must be confirmed in writing. Cancellations received in writing less than 30 days but more than 15 days before course start date will receive a refund of 50% of course fees. Any cancellation received less than 15 days prior to course start date shall not receive a refund. Customer may request a transfer [&hellip;]","og_url":"https:\/\/conimcert.com\/az\/cancellation-and-refund-policy\/","og_site_name":"Conimcert","twitter_card":"summary_large_image","twitter_misc":{"Est. reading time":"2 minutes"},"schema":{"@context":"https:\/\/schema.org","@graph":[{"@type":"WebPage","@id":"https:\/\/conimcert.com\/cancellation-and-refund-policy\/","url":"https:\/\/conimcert.com\/cancellation-and-refund-policy\/","name":"CANCELLATION AND REFUND POLICY - Conimcert","isPartOf":{"@id":"https:\/\/conimcert.com\/#website"},"datePublished":"2023-04-06T20:27:57+00:00","dateModified":"2023-04-06T20:27:57+00:00","breadcrumb":{"@id":"https:\/\/conimcert.com\/cancellation-and-refund-policy\/#breadcrumb"},"inLanguage":"az","potentialAction":[{"@type":"ReadAction","target":["https:\/\/conimcert.com\/cancellation-and-refund-policy\/"]}]},{"@type":"BreadcrumbList","@id":"https:\/\/conimcert.com\/cancellation-and-refund-policy\/#breadcrumb","itemListElement":[{"@type":"ListItem","position":1,"name":"Home","item":"https:\/\/conimcert.com\/"},{"@type":"ListItem","position":2,"name":"CANCELLATION AND REFUND POLICY"}]},{"@type":"WebSite","@id":"https:\/\/conimcert.com\/#website","url":"https:\/\/conimcert.com\/","name":"Conimcert","description":"","publisher":{"@id":"https:\/\/conimcert.com\/#organization"},"potentialAction":[{"@type":"SearchAction","target":{"@type":"EntryPoint","urlTemplate":"https:\/\/conimcert.com\/?s={search_term_string}"},"query-input":"required name=search_term_string"}],"inLanguage":"az"},{"@type":"Organization","@id":"https:\/\/conimcert.com\/#organization","name":"Conimcert","url":"https:\/\/conimcert.com\/","logo":{"@type":"ImageObject","inLanguage":"az","@id":"https:\/\/conimcert.com\/#\/schema\/logo\/image\/","url":"https:\/\/conimcert.com\/wp-content\/uploads\/2023\/03\/Conim-LOGO.png","contentUrl":"https:\/\/conimcert.com\/wp-content\/uploads\/2023\/03\/Conim-LOGO.png","width":877,"height":151,"caption":"Conimcert"},"image":{"@id":"https:\/\/conimcert.com\/#\/schema\/logo\/image\/"}}]}},"_links":{"self":[{"href":"https:\/\/conimcert.com\/az\/wp-json\/wp\/v2\/pages\/684","targetHints":{"allow":["GET"]}}],"collection":[{"href":"https:\/\/conimcert.com\/az\/wp-json\/wp\/v2\/pages"}],"about":[{"href":"https:\/\/conimcert.com\/az\/wp-json\/wp\/v2\/types\/page"}],"author":[{"embeddable":true,"href":"https:\/\/conimcert.com\/az\/wp-json\/wp\/v2\/users\/4"}],"replies":[{"embeddable":true,"href":"https:\/\/conimcert.com\/az\/wp-json\/wp\/v2\/comments?post=684"}],"version-history":[{"count":0,"href":"https:\/\/conimcert.com\/az\/wp-json\/wp\/v2\/pages\/684\/revisions"}],"wp:attachment":[{"href":"https:\/\/conimcert.com\/az\/wp-json\/wp\/v2\/media?parent=684"}],"curies":[{"name":"wp","href":"https:\/\/api.w.org\/{rel}","templated":true}]}}