{"id":682,"date":"2023-04-06T20:20:26","date_gmt":"2023-04-06T20:20:26","guid":{"rendered":"https:\/\/conimcert.com\/?page_id=682"},"modified":"2023-04-27T08:50:00","modified_gmt":"2023-04-27T08:50:00","slug":"cookie-policy","status":"publish","type":"page","link":"https:\/\/conimcert.com\/az\/cookie-policy\/","title":{"rendered":"KUK\u0130 S\u0130YAS\u018fT\u0130"},"content":{"rendered":"<p>Bu Kuki Siyas\u0259ti kukil\u0259rin n\u0259 oldu\u011funu v\u0259 onlardan nec\u0259 istifad\u0259 etdiyimizi, istifad\u0259 etdiyimiz kukil\u0259rin n\u00f6vl\u0259rini, kukil\u0259rd\u0259n istifad\u0259 ed\u0259r\u0259k toplad\u0131\u011f\u0131m\u0131z m\u0259lumatlar\u0131 v\u0259 bu m\u0259lumatlar\u0131n nec\u0259 istifad\u0259 edildiyini v\u0259 kuki se\u00e7iml\u0259rin\u0259 nec\u0259 n\u0259zar\u0259t ed\u0259c\u0259yimizi izah edir. \u015e\u0259xsi m\u0259lumatlar\u0131n\u0131z\u0131 nec\u0259 istifad\u0259 etdiyimiz v\u0259 t\u0259hl\u00fck\u0259siz saxlad\u0131\u011f\u0131m\u0131z bar\u0259d\u0259 \u0259trafl\u0131 m\u0259lumat \u00fc\u00e7\u00fcn M\u0259xfilik Siyas\u0259timiz\u0259 baxa bil\u0259rsiniz.<\/p>\n\n\n\n<p>\u0130st\u0259nil\u0259n vaxt vebsayt\u0131m\u0131zdak\u0131 Kuki B\u0259yanat\u0131n\u0131 d\u0259yi\u015fdir\u0259 v\u0259 ya raz\u0131l\u0131\u011f\u0131n\u0131z\u0131 geri g\u00f6t\u00fcr\u0259 bil\u0259rsiniz.<\/p>\n\n\n\n<p><strong>Kukil\u0259r n\u0259dir?<\/strong><\/p>\n\n\n\n<p>Kukil\u0259r ki\u00e7ik m\u0259lumat hiss\u0259l\u0259rini saxlamaq \u00fc\u00e7\u00fcn istifad\u0259 olunan ki\u00e7ik m\u0259tn fayllar\u0131d\u0131r. Veb sayt brauzeriniz\u0259 y\u00fckl\u0259ndikd\u0259 onlar cihaz\u0131n\u0131zda saxlan\u0131l\u0131r. Bu kukil\u0259r biz\u0259 veb sayt\u0131n d\u00fczg\u00fcn i\u015fl\u0259m\u0259sin\u0259, onu daha t\u0259hl\u00fck\u0259siz etm\u0259y\u0259, daha yax\u015f\u0131 istifad\u0259\u00e7i t\u0259cr\u00fcb\u0259si t\u0259qdim etm\u0259y\u0259 v\u0259 vebsayt\u0131n nec\u0259 f\u0259aliyy\u0259t g\u00f6st\u0259rdiyini anlama\u011fa, n\u0259yin i\u015fl\u0259diyini v\u0259 harada t\u0259kmill\u0259\u015fdirilm\u0259si laz\u0131m oldu\u011funu t\u0259hlil etm\u0259y\u0259 k\u00f6m\u0259k edir.<\/p>\n\n\n\n<p><strong>Kukil\u0259rd\u0259n nec\u0259 istifad\u0259 edirik?<\/strong><\/p>\n\n\n\n<p>Onlayn xidm\u0259tl\u0259rin \u0259ks\u0259riyy\u0259ti kimi veb sayt\u0131m\u0131z bir ne\u00e7\u0259 m\u0259qs\u0259d \u00fc\u00e7\u00fcn birinci v\u0259 \u00fc\u00e7\u00fcnc\u00fc t\u0259r\u0259f kukil\u0259rind\u0259n istifad\u0259 edir. Birinci t\u0259r\u0259f kukil\u0259ri \u0259sas\u0259n veb-sayt\u0131n d\u00fczg\u00fcn i\u015fl\u0259m\u0259si \u00fc\u00e7\u00fcn z\u0259ruridir v\u0259 onlar sizin \u015f\u0259xsi m\u00fc\u0259yy\u0259n ed\u0259 bil\u0259n m\u0259lumatlar\u0131n\u0131z\u0131 toplam\u0131r.<\/p>\n\n\n\n<p>Veb sayt\u0131m\u0131zda istifad\u0259 olunan \u00fc\u00e7\u00fcnc\u00fc t\u0259r\u0259f kukil\u0259ri \u0259sas\u0259n veb sayt\u0131n nec\u0259 f\u0259aliyy\u0259t g\u00f6st\u0259rdiyini, veb sayt\u0131m\u0131zla nec\u0259 qar\u015f\u0131l\u0131ql\u0131 \u0259laq\u0259d\u0259 oldu\u011funuzu, xidm\u0259tl\u0259rimizi t\u0259hl\u00fck\u0259siz saxlamaq, siz\u0259 uy\u011fun reklamlar\u0131 t\u0259qdim etm\u0259k,v\u0259 \u00fcmumiyy\u0259tl\u0259 siz\u0259 daha yax\u015f\u0131 v\u0259 t\u0259kmill\u0259\u015fdirilmi\u015f istifad\u0259\u00e7i t\u0259cr\u00fcb\u0259si t\u0259qdim etm\u0259k v\u0259 g\u0259l\u0259c\u0259kd\u0259 veb sayt\u0131m\u0131zla qar\u015f\u0131l\u0131ql\u0131 \u0259laq\u0259nizi s\u00fcr\u0259tl\u0259ndirm\u0259y\u0259 k\u00f6m\u0259k edir.<\/p>\n\n\n\n<p><strong>Biz hans\u0131 n\u00f6v kukil\u0259rd\u0259n istifad\u0259 edirik?<\/strong><\/p>\n\n\n\n<p><strong><em>Vacib:<\/em><\/strong> B\u0259zi kukil\u0259r sayt\u0131m\u0131z\u0131n tam funksionall\u0131\u011f\u0131 il\u0259 tan\u0131\u015f olmaq \u00fc\u00e7\u00fcn vacibdir. Onlar biz\u0259 istifad\u0259\u00e7i seanslar\u0131n\u0131 saxlama\u011fa v\u0259 h\u0259r hans\u0131 t\u0259hl\u00fck\u0259sizlik t\u0259hdidl\u0259rinin qar\u015f\u0131s\u0131n\u0131 alma\u011fa imkan verir. Onlar he\u00e7 bir \u015f\u0259xsi m\u0259lumat toplam\u0131rlar v\u0259 saxlam\u0131rlar. M\u0259s\u0259l\u0259n, bu kukil\u0259r siz\u0259 hesab\u0131n\u0131za daxil olmaq v\u0259 m\u0259hsullar\u0131n\u0131z\u0131 s\u0259b\u0259tiniz\u0259 \u0259lav\u0259 etm\u0259k v\u0259 t\u0259hl\u00fck\u0259siz \u015f\u0259kild\u0259 \u00f6d\u0259ni\u015f etm\u0259k imkan\u0131 verir.<\/p>\n\n\n\n<p><strong><em>Statistik:<\/em><\/strong> Bu kukil\u0259r veb-sayt\u0131 ziyar\u0259t ed\u0259nl\u0259rin say\u0131, unikal ziyar\u0259t\u00e7il\u0259rin say\u0131, veb-sayt\u0131n hans\u0131 s\u0259hif\u0259l\u0259rinin ziyar\u0259t edildiyi, ziyar\u0259tin m\u0259nb\u0259yi v\u0259 s. kimi m\u0259lumatlar\u0131 saxlay\u0131r. Bu m\u0259lumatlar veb-sayt\u0131n n\u0259 d\u0259r\u0259c\u0259d\u0259 yax\u015f\u0131 i\u015fl\u0259diyini v\u0259 harada t\u0259kmill\u0259\u015fdirilm\u0259sin\u0259 ehtiyac oldu\u011funu anlama\u011fa v\u0259 t\u0259hlil etm\u0259y\u0259 k\u00f6m\u0259k edir.<\/p>\n\n\n\n<p><strong><em>Marketinq:<\/em><\/strong> Bu kukil\u0259r vebsayt\u0131m\u0131zda n\u00fcmayi\u015f olunan reklamlar\u0131 sizin \u00fc\u00e7\u00fcn daha m\u0259nal\u0131 v\u0259 \u015f\u0259xsi etm\u0259kd\u0259 v\u0259 bu reklam kampaniyalar\u0131n\u0131n effektivliyini izl\u0259m\u0259kd\u0259 biz\u0259 k\u00f6m\u0259k edir.<\/p>\n\n\n\n<p>Bu kukil\u0259rd\u0259 saxlan\u0131lan m\u0259lumat, h\u0259m\u00e7inin \u00fc\u00e7\u00fcnc\u00fc t\u0259r\u0259f reklam provayderl\u0259ri t\u0259r\u0259find\u0259n brauzerinizd\u0259ki dig\u0259r vebsaytlarda siz\u0259 reklam verm\u0259k \u00fc\u00e7\u00fcn istifad\u0259 oluna bil\u0259r.<\/p>\n\n\n\n<p><strong><em>Funksional:<\/em><\/strong> Bunlar veb sayt\u0131m\u0131zdak\u0131 b\u0259zi qeyri-vacib funksiyalara k\u00f6m\u0259k ed\u0259n kukil\u0259rdir. Bu funksiyalara videolar kimi m\u0259zmunun daxil edilm\u0259si v\u0259 ya veb sayt m\u0259zmununun sosial media platformalar\u0131nda payla\u015f\u0131lmas\u0131 daxildir.<\/p>\n\n\n\n<p><strong><em>T\u0259rcihl\u0259r:<\/em><\/strong> Bu kukil\u0259r biz\u0259 parametrl\u0259rinizi v\u0259 dil se\u00e7iml\u0259ri kimi bax\u0131\u015f t\u0259rcihl\u0259rinizi saxlama\u011fa k\u00f6m\u0259k edir ki, vebsayta g\u0259l\u0259c\u0259k s\u0259f\u0259rl\u0259rd\u0259 daha yax\u015f\u0131 v\u0259 s\u0259m\u0259r\u0259li t\u0259cr\u00fcb\u0259 \u0259ld\u0259 ed\u0259siniz.<\/p>\n\n\n\n<h5 class=\"wp-block-heading\">Kuki se\u00e7iml\u0259rini idar\u0259 edin<\/h5>\n\n\n\n<p>Siz ist\u0259nil\u0259n vaxt sol alt t\u0259r\u0259fd\u0259ki d\u00fcym\u0259ni klikl\u0259m\u0259kl\u0259 kuki se\u00e7iml\u0259rinizi d\u0259yi\u015f\u0259 bil\u0259rsiniz. Bu, kukiy\u0259 raz\u0131l\u0131q bannerin\u0259 yenid\u0259n baxma\u011fa v\u0259 se\u00e7iml\u0259rinizi d\u0259yi\u015fdirm\u0259y\u0259 v\u0259 ya raz\u0131l\u0131\u011f\u0131n\u0131z\u0131 d\u0259rhal geri g\u00f6t\u00fcrm\u0259y\u0259 imkan ver\u0259c\u0259k.<\/p>\n\n\n\n<p>Bundan \u0259lav\u0259, m\u00fcxt\u0259lif brauzerl\u0259r veb saytlar t\u0259r\u0259find\u0259n istifad\u0259 edil\u0259n kukil\u0259ri bloklamaq v\u0259 silm\u0259k \u00fc\u00e7\u00fcn m\u00fcxt\u0259lif \u00fcsullar t\u0259qdim edir. Siz kukil\u0259ri bloklamaq\/silm\u0259k \u00fc\u00e7\u00fcn brauzerinizin parametrl\u0259rini d\u0259yi\u015f\u0259 bil\u0259rsiniz. A\u015fa\u011f\u0131da \u0259sas veb brauzerl\u0259rd\u0259n kukil\u0259ri nec\u0259 idar\u0259 etm\u0259k v\u0259 silm\u0259k bar\u0259d\u0259 d\u0259st\u0259k s\u0259n\u0259dl\u0259rin\u0259 ke\u00e7idl\u0259r verilmi\u015fdir.<\/p>\n\n\n\n<p>Chrome:&nbsp;<a href=\"https:\/\/support.google.com\/accounts\/answer\/32050\" target=\"_blank\" rel=\"noreferrer noopener\">https:\/\/support.google.com\/accounts\/answer\/32050<\/a><\/p>\n\n\n\n<p>Safari:&nbsp;<a href=\"https:\/\/support.apple.com\/en-in\/guide\/safari\/sfri11471\/mac\" target=\"_blank\" rel=\"noreferrer noopener\">https:\/\/support.apple.com\/en-in\/guide\/safari\/sfri11471\/mac<\/a><\/p>\n\n\n\n<p>Firefox:&nbsp;<a href=\"https:\/\/support.mozilla.org\/en-US\/kb\/clear-cookies-and-site-data-firefox?redirectslug=delete-cookies-remove-info-websites-stored&amp;redirectlocale=en-US\" target=\"_blank\" rel=\"noreferrer noopener\">https:\/\/support.mozilla.org\/en-US\/kb\/clear-cookies-and-site-data-firefox?redirectslug=delete-cookies-remove-info-websites-stored&amp;redirectlocale=en-US<\/a><\/p>\n\n\n\n<p>Internet Explorer:&nbsp;<a href=\"https:\/\/support.microsoft.com\/en-us\/topic\/how-to-delete-cookie-files-in-internet-explorer-bca9446f-d873-78de-77ba-d42645fa52fc\" target=\"_blank\" rel=\"noreferrer noopener\">https:\/\/support.microsoft.com\/en-us\/topic\/how-to-delete-cookie-files-in-internet-explorer-bca9446f-d873-78de-77ba-d42645fa52fc<\/a><\/p>\n\n\n\n<p>H\u0259r hans\u0131 dig\u0259r veb brauzerd\u0259n istifad\u0259 edirsinizs\u0259, l\u00fctf\u0259n, brauzerinizin r\u0259smi d\u0259st\u0259k s\u0259n\u0259dl\u0259rin\u0259 ba\u015f \u00e7\u0259kin.<\/p>\n\n\n\n<p><\/p>","protected":false},"excerpt":{"rendered":"<p>Bu Kuki Siyas\u0259ti kukil\u0259rin n\u0259 oldu\u011funu v\u0259 onlardan nec\u0259 istifad\u0259 etdiyimizi, istifad\u0259 etdiyimiz kukil\u0259rin n\u00f6vl\u0259rini, kukil\u0259rd\u0259n istifad\u0259 ed\u0259r\u0259k toplad\u0131\u011f\u0131m\u0131z m\u0259lumatlar\u0131 v\u0259 bu m\u0259lumatlar\u0131n nec\u0259 istifad\u0259 edildiyini v\u0259 kuki se\u00e7iml\u0259rin\u0259 nec\u0259 n\u0259zar\u0259t ed\u0259c\u0259yimizi izah edir. \u015e\u0259xsi m\u0259lumatlar\u0131n\u0131z\u0131 nec\u0259 istifad\u0259 etdiyimiz v\u0259 t\u0259hl\u00fck\u0259siz saxlad\u0131\u011f\u0131m\u0131z bar\u0259d\u0259 \u0259trafl\u0131 m\u0259lumat \u00fc\u00e7\u00fcn M\u0259xfilik Siyas\u0259timiz\u0259 baxa bil\u0259rsiniz.<\/p>","protected":false},"author":4,"featured_media":0,"parent":0,"menu_order":0,"comment_status":"closed","ping_status":"closed","template":"","meta":{"_acf_changed":false,"om_disable_all_campaigns":false,"_mi_skip_tracking":false,"footnotes":""},"class_list":["post-682","page","type-page","status-publish","hentry"],"acf":[],"yoast_head":"<!-- This site is optimized with the Yoast SEO plugin v20.5 - https:\/\/yoast.com\/wordpress\/plugins\/seo\/ -->\n<title>COOKIE POLICY - Conimcert<\/title>\n<meta name=\"robots\" content=\"index, follow, max-snippet:-1, max-image-preview:large, max-video-preview:-1\" \/>\n<link rel=\"canonical\" href=\"https:\/\/conimcert.com\/az\/cookie-policy\/\" \/>\n<meta property=\"og:locale\" content=\"az_AZ\" \/>\n<meta property=\"og:type\" content=\"article\" \/>\n<meta property=\"og:title\" content=\"COOKIE POLICY - Conimcert\" \/>\n<meta property=\"og:description\" content=\"This Cookie Policy explains what cookies are and how we use them, the types of cookies we use, the information we collect using cookies and how that information is used, and how to control cookie preferences. You can see our Privacy Policy for more information on how we use and keep your personal information secure. [&hellip;]\" \/>\n<meta property=\"og:url\" content=\"https:\/\/conimcert.com\/az\/cookie-policy\/\" \/>\n<meta property=\"og:site_name\" content=\"Conimcert\" \/>\n<meta property=\"article:modified_time\" content=\"2023-04-27T08:50:00+00:00\" \/>\n<meta name=\"twitter:card\" content=\"summary_large_image\" \/>\n<meta name=\"twitter:label1\" content=\"Est. reading time\" \/>\n\t<meta name=\"twitter:data1\" content=\"3 minutes\" \/>\n<script type=\"application\/ld+json\" class=\"yoast-schema-graph\">{\"@context\":\"https:\/\/schema.org\",\"@graph\":[{\"@type\":\"WebPage\",\"@id\":\"https:\/\/conimcert.com\/cookie-policy\/\",\"url\":\"https:\/\/conimcert.com\/cookie-policy\/\",\"name\":\"COOKIE POLICY - Conimcert\",\"isPartOf\":{\"@id\":\"https:\/\/conimcert.com\/#website\"},\"datePublished\":\"2023-04-06T20:20:26+00:00\",\"dateModified\":\"2023-04-27T08:50:00+00:00\",\"breadcrumb\":{\"@id\":\"https:\/\/conimcert.com\/cookie-policy\/#breadcrumb\"},\"inLanguage\":\"az\",\"potentialAction\":[{\"@type\":\"ReadAction\",\"target\":[\"https:\/\/conimcert.com\/cookie-policy\/\"]}]},{\"@type\":\"BreadcrumbList\",\"@id\":\"https:\/\/conimcert.com\/cookie-policy\/#breadcrumb\",\"itemListElement\":[{\"@type\":\"ListItem\",\"position\":1,\"name\":\"Home\",\"item\":\"https:\/\/conimcert.com\/\"},{\"@type\":\"ListItem\",\"position\":2,\"name\":\"COOKIE POLICY\"}]},{\"@type\":\"WebSite\",\"@id\":\"https:\/\/conimcert.com\/#website\",\"url\":\"https:\/\/conimcert.com\/\",\"name\":\"Conimcert\",\"description\":\"\",\"publisher\":{\"@id\":\"https:\/\/conimcert.com\/#organization\"},\"potentialAction\":[{\"@type\":\"SearchAction\",\"target\":{\"@type\":\"EntryPoint\",\"urlTemplate\":\"https:\/\/conimcert.com\/?s={search_term_string}\"},\"query-input\":\"required name=search_term_string\"}],\"inLanguage\":\"az\"},{\"@type\":\"Organization\",\"@id\":\"https:\/\/conimcert.com\/#organization\",\"name\":\"Conimcert\",\"url\":\"https:\/\/conimcert.com\/\",\"logo\":{\"@type\":\"ImageObject\",\"inLanguage\":\"az\",\"@id\":\"https:\/\/conimcert.com\/#\/schema\/logo\/image\/\",\"url\":\"https:\/\/conimcert.com\/wp-content\/uploads\/2023\/03\/Conim-LOGO.png\",\"contentUrl\":\"https:\/\/conimcert.com\/wp-content\/uploads\/2023\/03\/Conim-LOGO.png\",\"width\":877,\"height\":151,\"caption\":\"Conimcert\"},\"image\":{\"@id\":\"https:\/\/conimcert.com\/#\/schema\/logo\/image\/\"}}]}<\/script>\n<!-- \/ Yoast SEO plugin. -->","yoast_head_json":{"title":"COOKIE POLICY - Conimcert","robots":{"index":"index","follow":"follow","max-snippet":"max-snippet:-1","max-image-preview":"max-image-preview:large","max-video-preview":"max-video-preview:-1"},"canonical":"https:\/\/conimcert.com\/az\/cookie-policy\/","og_locale":"az_AZ","og_type":"article","og_title":"COOKIE POLICY - Conimcert","og_description":"This Cookie Policy explains what cookies are and how we use them, the types of cookies we use, the information we collect using cookies and how that information is used, and how to control cookie preferences. You can see our Privacy Policy for more information on how we use and keep your personal information secure. [&hellip;]","og_url":"https:\/\/conimcert.com\/az\/cookie-policy\/","og_site_name":"Conimcert","article_modified_time":"2023-04-27T08:50:00+00:00","twitter_card":"summary_large_image","twitter_misc":{"Est. reading time":"3 minutes"},"schema":{"@context":"https:\/\/schema.org","@graph":[{"@type":"WebPage","@id":"https:\/\/conimcert.com\/cookie-policy\/","url":"https:\/\/conimcert.com\/cookie-policy\/","name":"COOKIE POLICY - Conimcert","isPartOf":{"@id":"https:\/\/conimcert.com\/#website"},"datePublished":"2023-04-06T20:20:26+00:00","dateModified":"2023-04-27T08:50:00+00:00","breadcrumb":{"@id":"https:\/\/conimcert.com\/cookie-policy\/#breadcrumb"},"inLanguage":"az","potentialAction":[{"@type":"ReadAction","target":["https:\/\/conimcert.com\/cookie-policy\/"]}]},{"@type":"BreadcrumbList","@id":"https:\/\/conimcert.com\/cookie-policy\/#breadcrumb","itemListElement":[{"@type":"ListItem","position":1,"name":"Home","item":"https:\/\/conimcert.com\/"},{"@type":"ListItem","position":2,"name":"COOKIE POLICY"}]},{"@type":"WebSite","@id":"https:\/\/conimcert.com\/#website","url":"https:\/\/conimcert.com\/","name":"Conimcert","description":"","publisher":{"@id":"https:\/\/conimcert.com\/#organization"},"potentialAction":[{"@type":"SearchAction","target":{"@type":"EntryPoint","urlTemplate":"https:\/\/conimcert.com\/?s={search_term_string}"},"query-input":"required name=search_term_string"}],"inLanguage":"az"},{"@type":"Organization","@id":"https:\/\/conimcert.com\/#organization","name":"Conimcert","url":"https:\/\/conimcert.com\/","logo":{"@type":"ImageObject","inLanguage":"az","@id":"https:\/\/conimcert.com\/#\/schema\/logo\/image\/","url":"https:\/\/conimcert.com\/wp-content\/uploads\/2023\/03\/Conim-LOGO.png","contentUrl":"https:\/\/conimcert.com\/wp-content\/uploads\/2023\/03\/Conim-LOGO.png","width":877,"height":151,"caption":"Conimcert"},"image":{"@id":"https:\/\/conimcert.com\/#\/schema\/logo\/image\/"}}]}},"_links":{"self":[{"href":"https:\/\/conimcert.com\/az\/wp-json\/wp\/v2\/pages\/682","targetHints":{"allow":["GET"]}}],"collection":[{"href":"https:\/\/conimcert.com\/az\/wp-json\/wp\/v2\/pages"}],"about":[{"href":"https:\/\/conimcert.com\/az\/wp-json\/wp\/v2\/types\/page"}],"author":[{"embeddable":true,"href":"https:\/\/conimcert.com\/az\/wp-json\/wp\/v2\/users\/4"}],"replies":[{"embeddable":true,"href":"https:\/\/conimcert.com\/az\/wp-json\/wp\/v2\/comments?post=682"}],"version-history":[{"count":5,"href":"https:\/\/conimcert.com\/az\/wp-json\/wp\/v2\/pages\/682\/revisions"}],"predecessor-version":[{"id":3190,"href":"https:\/\/conimcert.com\/az\/wp-json\/wp\/v2\/pages\/682\/revisions\/3190"}],"wp:attachment":[{"href":"https:\/\/conimcert.com\/az\/wp-json\/wp\/v2\/media?parent=682"}],"curies":[{"name":"wp","href":"https:\/\/api.w.org\/{rel}","templated":true}]}}