{"id":680,"date":"2023-04-06T20:16:03","date_gmt":"2023-04-06T20:16:03","guid":{"rendered":"https:\/\/conimcert.com\/?page_id=680"},"modified":"2023-04-06T20:16:03","modified_gmt":"2023-04-06T20:16:03","slug":"privacy-policy","status":"publish","type":"page","link":"https:\/\/conimcert.com\/az\/privacy-policy\/","title":{"rendered":"G\u0130ZL\u0130L\u0130K S\u0130YAS\u018fT\u0130"},"content":{"rendered":"<p><strong>M\u018fLUMATLARIN QORUNMASI V\u018f M\u018fXF\u0130LL\u0130K<\/strong><br><br>Biz sayt\u0131m\u0131zdan istifad\u0259 ed\u0259n h\u0259r k\u0259sin m\u0259xfiliyini v\u0259 biz\u0259 t\u0259qdim etdiyiniz h\u0259r hans\u0131 m\u0259lumat\u0131n m\u0259xfiliyini qoruma\u011fa sadiqik. Biz \u015f\u0259xsi m\u0259lumatlar\u0131n\u0131z\u0131 qorumaq \u00fc\u00e7\u00fcn b\u00fct\u00fcn a\u011flabatan add\u0131mlar\u0131 atma\u011fa \u00e7al\u0131\u015f\u0131r\u0131q. Bununla bel\u0259, onlayn olaraq a\u00e7\u0131qlad\u0131\u011f\u0131n\u0131z h\u0259r hans\u0131 m\u0259lumat\u0131n t\u0259hl\u00fck\u0259sizliyin\u0259 z\u0259man\u0259t ver\u0259 bilm\u0259rik v\u0259 bu, bizim s\u0259hl\u0259nkarl\u0131\u011f\u0131m\u0131z v\u0259 ya q\u0259sd\u0259n defoltla ba\u011fl\u0131 olmad\u0131qda, t\u0259hl\u00fck\u0259sizliyin pozulmas\u0131na g\u00f6r\u0259 m\u0259suliyy\u0259t da\u015f\u0131mayaca\u011f\u0131q.<br><br>\u00dcmumiyy\u0259tl\u0259, siz biz\u0259 kim oldu\u011funuzu bildirm\u0259d\u0259n v\u0259 \u00f6z\u00fcn\u00fcz haqq\u0131nda he\u00e7 bir m\u0259lumat verm\u0259d\u0259n sayt\u0131m\u0131za daxil ola bil\u0259rsiniz. Bununla bel\u0259, veb sayt\u0131m\u0131z\u0131n a\u015fa\u011f\u0131dak\u0131 kimi m\u0259lumat toplad\u0131\u011f\u0131m\u0131z sah\u0259l\u0259ri var:<br><br>\u2013 Veb sayt\u0131m\u0131z vasit\u0259sil\u0259 sor\u011fu g\u00f6nd\u0259rs\u0259niz, sizd\u0259n ad, e-po\u00e7t \u00fcnvan\u0131 v\u0259 \u0259laq\u0259 n\u00f6mr\u0259si daxil olmaqla m\u00fc\u0259yy\u0259n m\u0259lumatlar\u0131 t\u0259qdim etm\u0259yiniz xahi\u015f olunacaq.<br>\u2013 Bizd\u0259n x\u0259b\u0259r b\u00fclletenl\u0259ri almaq \u00fc\u00e7\u00fcn vebsayt\u0131m\u0131zda qeydiyyatdan ke\u00e7s\u0259niz, sizd\u0259n ad\u0131n\u0131z\u0131 v\u0259 e-po\u00e7t \u00fcnvan\u0131n\u0131z\u0131 bildirm\u0259yiniz xahi\u015f olunacaq.<br>\u2013 \u018fg\u0259r vebsayt\u0131m\u0131z vasit\u0259sil\u0259 m\u0259hsullar alsan\u0131z, sizd\u0259n qeydiyyatdan ke\u00e7m\u0259yiniz v\u0259 ad, \u00fcnvan, biznes ad\u0131, e-po\u00e7t, telefon n\u00f6mr\u0259si v\u0259 \u00f6d\u0259ni\u015f t\u0259f\u0259rr\u00fcatlar\u0131 daxil olmaqla m\u0259lumatlar\u0131 t\u0259qdim etm\u0259yiniz xahi\u015f olunacaq.<br><br>\u00d6d\u0259ni\u015f v\u0259 ya m\u00fchasibat m\u0259qs\u0259dl\u0259ri \u00fc\u00e7\u00fcn istifad\u0259 edil\u0259n h\u0259r hans\u0131 m\u0259lumat \u00fc\u00e7\u00fcnc\u00fc t\u0259r\u0259fin t\u0259hl\u00fck\u0259siz sayt\u0131 t\u0259r\u0259find\u0259n saxlan\u0131l\u0131r. Biz ictimaiyy\u0259t\u0259 a\u00e7\u0131q m\u0259nb\u0259l\u0259rd\u0259n v\u0259\/v\u0259 ya \u00fc\u00e7\u00fcnc\u00fc t\u0259r\u0259f m\u0259lumat t\u0259chizat\u00e7\u0131lar\u0131ndan he\u00e7 bir \u015f\u0259xsi m\u0259lumat\u0131 aktiv \u015f\u0259kild\u0259 \u0259ld\u0259 etmirik. Bununla bel\u0259, bu ba\u015f ver\u0259rs\u0259, siz\u0259 daha yax\u015f\u0131 xidm\u0259t g\u00f6st\u0259rm\u0259k \u00fc\u00e7\u00fcn laz\u0131m ola bil\u0259c\u0259k m\u0259lumatlar\u0131n saxlanmas\u0131na raz\u0131l\u0131q ver\u0259c\u0259yik.<br><br>Veb sayt\u0131m\u0131zdan daxil ola bil\u0259c\u0259yiniz h\u0259r hans\u0131 xarici ba\u011flant\u0131lar bizim m\u0259suliyy\u0259timiz deyil. Xarici sayta ke\u00e7id\u0259 klikl\u0259diyiniz zaman o, bizim deyil, h\u0259min t\u0259\u015fkilat\u0131n m\u0259xfilik siyas\u0259tin\u0259 tabe olacaq.<br><br>Yaz\u0131l\u0131 sor\u011fu ald\u0131qdan sonra haqq\u0131n\u0131zda saxlad\u0131\u011f\u0131m\u0131z \u015f\u0259xsi m\u0259lumatlar\u0131 (GDPR-d\u0259 m\u00fc\u0259yy\u0259n edildiyi kimi) g\u00f6rm\u0259k h\u00fcququnuz var. \u015e\u0259xsi m\u0259lumatlar\u0131n\u0131z\u0131 nec\u0259 idar\u0259 etdiyimizl\u0259 ba\u011fl\u0131 \u015fikay\u0259t etm\u0259k ist\u0259diyiniz halda, yaz\u0131l\u0131 \u015f\u0259kild\u0259 r\u0259smi \u015fikay\u0259t ver\u0259 bil\u0259rsiniz v\u0259 biz \u015fikay\u0259tiniz\u0259 bax\u0131b m\u0259s\u0259l\u0259ni h\u0259ll etm\u0259k \u00fc\u00e7\u00fcn sizinl\u0259 i\u015fl\u0259y\u0259c\u0259yik.<\/p>","protected":false},"excerpt":{"rendered":"<p>DATA PROTECTION AND PRIVACY We are committed to protecting the privacy of anyone using our site and the confidentiality of any information that you provide us with. We endeavor to take all reasonable steps to protect your personal information However, we cannot guarantee the security of any data that you disclose online and we will [&hellip;]<\/p>","protected":false},"author":4,"featured_media":0,"parent":0,"menu_order":0,"comment_status":"closed","ping_status":"closed","template":"","meta":{"_acf_changed":false,"om_disable_all_campaigns":false,"_mi_skip_tracking":false,"footnotes":""},"class_list":["post-680","page","type-page","status-publish","hentry"],"acf":[],"yoast_head":"<!-- This site is optimized with the Yoast SEO plugin v20.5 - https:\/\/yoast.com\/wordpress\/plugins\/seo\/ -->\n<title>PR\u0130VACY POLICY - Conimcert<\/title>\n<meta name=\"robots\" content=\"index, follow, max-snippet:-1, max-image-preview:large, max-video-preview:-1\" \/>\n<link rel=\"canonical\" href=\"https:\/\/conimcert.com\/az\/privacy-policy\/\" \/>\n<meta property=\"og:locale\" content=\"az_AZ\" \/>\n<meta property=\"og:type\" content=\"article\" \/>\n<meta property=\"og:title\" content=\"PR\u0130VACY POLICY - Conimcert\" \/>\n<meta property=\"og:description\" content=\"DATA PROTECTION AND PRIVACY We are committed to protecting the privacy of anyone using our site and the confidentiality of any information that you provide us with. We endeavor to take all reasonable steps to protect your personal information However, we cannot guarantee the security of any data that you disclose online and we will [&hellip;]\" \/>\n<meta property=\"og:url\" content=\"https:\/\/conimcert.com\/az\/privacy-policy\/\" \/>\n<meta property=\"og:site_name\" content=\"Conimcert\" \/>\n<meta name=\"twitter:card\" content=\"summary_large_image\" \/>\n<meta name=\"twitter:label1\" content=\"Est. reading time\" \/>\n\t<meta name=\"twitter:data1\" content=\"2 minutes\" \/>\n<script type=\"application\/ld+json\" class=\"yoast-schema-graph\">{\"@context\":\"https:\/\/schema.org\",\"@graph\":[{\"@type\":\"WebPage\",\"@id\":\"https:\/\/conimcert.com\/privacy-policy\/\",\"url\":\"https:\/\/conimcert.com\/privacy-policy\/\",\"name\":\"PR\u0130VACY POLICY - Conimcert\",\"isPartOf\":{\"@id\":\"https:\/\/conimcert.com\/#website\"},\"datePublished\":\"2023-04-06T20:16:03+00:00\",\"dateModified\":\"2023-04-06T20:16:03+00:00\",\"breadcrumb\":{\"@id\":\"https:\/\/conimcert.com\/privacy-policy\/#breadcrumb\"},\"inLanguage\":\"az\",\"potentialAction\":[{\"@type\":\"ReadAction\",\"target\":[\"https:\/\/conimcert.com\/privacy-policy\/\"]}]},{\"@type\":\"BreadcrumbList\",\"@id\":\"https:\/\/conimcert.com\/privacy-policy\/#breadcrumb\",\"itemListElement\":[{\"@type\":\"ListItem\",\"position\":1,\"name\":\"Home\",\"item\":\"https:\/\/conimcert.com\/\"},{\"@type\":\"ListItem\",\"position\":2,\"name\":\"PR\u0130VACY POLICY\"}]},{\"@type\":\"WebSite\",\"@id\":\"https:\/\/conimcert.com\/#website\",\"url\":\"https:\/\/conimcert.com\/\",\"name\":\"Conimcert\",\"description\":\"\",\"publisher\":{\"@id\":\"https:\/\/conimcert.com\/#organization\"},\"potentialAction\":[{\"@type\":\"SearchAction\",\"target\":{\"@type\":\"EntryPoint\",\"urlTemplate\":\"https:\/\/conimcert.com\/?s={search_term_string}\"},\"query-input\":\"required name=search_term_string\"}],\"inLanguage\":\"az\"},{\"@type\":\"Organization\",\"@id\":\"https:\/\/conimcert.com\/#organization\",\"name\":\"Conimcert\",\"url\":\"https:\/\/conimcert.com\/\",\"logo\":{\"@type\":\"ImageObject\",\"inLanguage\":\"az\",\"@id\":\"https:\/\/conimcert.com\/#\/schema\/logo\/image\/\",\"url\":\"https:\/\/conimcert.com\/wp-content\/uploads\/2023\/03\/Conim-LOGO.png\",\"contentUrl\":\"https:\/\/conimcert.com\/wp-content\/uploads\/2023\/03\/Conim-LOGO.png\",\"width\":877,\"height\":151,\"caption\":\"Conimcert\"},\"image\":{\"@id\":\"https:\/\/conimcert.com\/#\/schema\/logo\/image\/\"}}]}<\/script>\n<!-- \/ Yoast SEO plugin. -->","yoast_head_json":{"title":"PR\u0130VACY POLICY - Conimcert","robots":{"index":"index","follow":"follow","max-snippet":"max-snippet:-1","max-image-preview":"max-image-preview:large","max-video-preview":"max-video-preview:-1"},"canonical":"https:\/\/conimcert.com\/az\/privacy-policy\/","og_locale":"az_AZ","og_type":"article","og_title":"PR\u0130VACY POLICY - Conimcert","og_description":"DATA PROTECTION AND PRIVACY We are committed to protecting the privacy of anyone using our site and the confidentiality of any information that you provide us with. We endeavor to take all reasonable steps to protect your personal information However, we cannot guarantee the security of any data that you disclose online and we will [&hellip;]","og_url":"https:\/\/conimcert.com\/az\/privacy-policy\/","og_site_name":"Conimcert","twitter_card":"summary_large_image","twitter_misc":{"Est. reading time":"2 minutes"},"schema":{"@context":"https:\/\/schema.org","@graph":[{"@type":"WebPage","@id":"https:\/\/conimcert.com\/privacy-policy\/","url":"https:\/\/conimcert.com\/privacy-policy\/","name":"PR\u0130VACY POLICY - Conimcert","isPartOf":{"@id":"https:\/\/conimcert.com\/#website"},"datePublished":"2023-04-06T20:16:03+00:00","dateModified":"2023-04-06T20:16:03+00:00","breadcrumb":{"@id":"https:\/\/conimcert.com\/privacy-policy\/#breadcrumb"},"inLanguage":"az","potentialAction":[{"@type":"ReadAction","target":["https:\/\/conimcert.com\/privacy-policy\/"]}]},{"@type":"BreadcrumbList","@id":"https:\/\/conimcert.com\/privacy-policy\/#breadcrumb","itemListElement":[{"@type":"ListItem","position":1,"name":"Home","item":"https:\/\/conimcert.com\/"},{"@type":"ListItem","position":2,"name":"PR\u0130VACY POLICY"}]},{"@type":"WebSite","@id":"https:\/\/conimcert.com\/#website","url":"https:\/\/conimcert.com\/","name":"Conimcert","description":"","publisher":{"@id":"https:\/\/conimcert.com\/#organization"},"potentialAction":[{"@type":"SearchAction","target":{"@type":"EntryPoint","urlTemplate":"https:\/\/conimcert.com\/?s={search_term_string}"},"query-input":"required name=search_term_string"}],"inLanguage":"az"},{"@type":"Organization","@id":"https:\/\/conimcert.com\/#organization","name":"Conimcert","url":"https:\/\/conimcert.com\/","logo":{"@type":"ImageObject","inLanguage":"az","@id":"https:\/\/conimcert.com\/#\/schema\/logo\/image\/","url":"https:\/\/conimcert.com\/wp-content\/uploads\/2023\/03\/Conim-LOGO.png","contentUrl":"https:\/\/conimcert.com\/wp-content\/uploads\/2023\/03\/Conim-LOGO.png","width":877,"height":151,"caption":"Conimcert"},"image":{"@id":"https:\/\/conimcert.com\/#\/schema\/logo\/image\/"}}]}},"_links":{"self":[{"href":"https:\/\/conimcert.com\/az\/wp-json\/wp\/v2\/pages\/680","targetHints":{"allow":["GET"]}}],"collection":[{"href":"https:\/\/conimcert.com\/az\/wp-json\/wp\/v2\/pages"}],"about":[{"href":"https:\/\/conimcert.com\/az\/wp-json\/wp\/v2\/types\/page"}],"author":[{"embeddable":true,"href":"https:\/\/conimcert.com\/az\/wp-json\/wp\/v2\/users\/4"}],"replies":[{"embeddable":true,"href":"https:\/\/conimcert.com\/az\/wp-json\/wp\/v2\/comments?post=680"}],"version-history":[{"count":0,"href":"https:\/\/conimcert.com\/az\/wp-json\/wp\/v2\/pages\/680\/revisions"}],"wp:attachment":[{"href":"https:\/\/conimcert.com\/az\/wp-json\/wp\/v2\/media?parent=680"}],"curies":[{"name":"wp","href":"https:\/\/api.w.org\/{rel}","templated":true}]}}