{"id":671,"date":"2023-04-06T20:01:57","date_gmt":"2023-04-06T20:01:57","guid":{"rendered":"https:\/\/conimcert.com\/?page_id=671"},"modified":"2023-04-06T20:01:57","modified_gmt":"2023-04-06T20:01:57","slug":"quality-assurance-and-accreditations","status":"publish","type":"page","link":"https:\/\/conimcert.com\/az\/quality-assurance-and-accreditations\/","title":{"rendered":"KEYF\u0130YY\u018fT\u018f T\u018fM\u0130NAT V\u018f AKRED\u0130TAS\u0130YA"},"content":{"rendered":"<p>ConimCert-d\u0259 biz m\u00fc\u015ft\u0259ril\u0259rimiz\u0259 onlar\u0131n ehtiyaclar\u0131na cavab ver\u0259n v\u0259 g\u00f6zl\u0259ntil\u0259rini \u00fcst\u0259l\u0259y\u0259n y\u00fcks\u0259k keyfiyy\u0259tli xidm\u0259tl\u0259r t\u0259qdim etm\u0259k \u00f6hd\u0259liyi g\u00f6t\u00fcr\u00fcr\u00fck. Xidm\u0259tl\u0259rimizin davaml\u0131 olaraq \u0259n y\u00fcks\u0259k keyfiyy\u0259t standartlar\u0131na cavab verm\u0259sini t\u0259min etm\u0259k \u00fc\u00e7\u00fcn m\u00f6hk\u0259m keyfiyy\u0259t t\u0259minat\u0131 sistemi t\u0259tbiq etmi\u015fik.<\/p>\n\n\n\n<p><strong>Bizim xidm\u0259tl\u0259r<\/strong><\/p>\n\n\n\n<p>Biz m\u00fc\u015ft\u0259ril\u0259rimiz\u0259 a\u015fa\u011f\u0131dak\u0131 xidm\u0259tl\u0259ri t\u0259klif edirik:<\/p>\n\n\n\n<ul class=\"wp-block-list\">\n<li><strong>F\u0259rdi v\u0259 Korporativ T\u0259liml\u0259r:<\/strong> Bizim idar\u0259etm\u0259 sisteml\u0259ri \u00fczr\u0259 t\u0259lim xidm\u0259tl\u0259rimiz t\u0259\u015fkilatlara v\u0259 \u015f\u0259xsl\u0259r\u0259 ISO 9001, ISO 14001 v\u0259 ISO 45001 kimi beyn\u0259lxalq standartlara cavab ver\u0259n effektiv idar\u0259etm\u0259 sisteml\u0259rini inki\u015faf etdirm\u0259y\u0259, t\u0259tbiq etm\u0259y\u0259 v\u0259 saxlama\u011fa k\u00f6m\u0259k etm\u0259k \u00fc\u00e7\u00fcn n\u0259z\u0259rd\u0259 tutulmu\u015fdur. T\u0259lim proqramlar\u0131m\u0131z h\u0259r bir m\u00fc\u015ft\u0259rinin x\u00fcsusi ehtiyaclar\u0131n\u0131 \u00f6d\u0259m\u0259k \u00fc\u00e7\u00fcn n\u0259z\u0259rd\u0259 tutulmu\u015fdur v\u0259 \u00f6z sah\u0259l\u0259rind\u0259 b\u00f6y\u00fck t\u0259cr\u00fcb\u0259y\u0259 malik sertifikatl\u0131 m\u00fct\u0259x\u0259ssisl\u0259r t\u0259r\u0259find\u0259n t\u0259qdim olunur.<\/li>\n\n\n\n<li><strong>Xarici Audit v\u0259 M\u00fcst\u0259qil Bax\u0131\u015flar:<\/strong> Audit xidm\u0259tl\u0259rimiz t\u0259\u015fkilatlara \u00f6z idar\u0259etm\u0259 sisteml\u0259rinin effektivliyini qiym\u0259tl\u0259ndirm\u0259y\u0259 v\u0259 t\u0259kmill\u0259\u015fdirilm\u0259li sah\u0259l\u0259ri m\u00fc\u0259yy\u0259n etm\u0259y\u0259 k\u00f6m\u0259k etm\u0259k \u00fc\u00e7\u00fcn n\u0259z\u0259rd\u0259 tutulmu\u015fdur. Audit komandam\u0131z auditin apar\u0131lmas\u0131nda b\u00f6y\u00fck t\u0259cr\u00fcb\u0259y\u0259 malik sertifikatl\u0131 m\u00fct\u0259x\u0259ssisl\u0259rd\u0259n ibar\u0259tdir. Biz beyn\u0259lxalq s\u0259viyy\u0259d\u0259 tan\u0131nm\u0131\u015f audit metodologiyalar\u0131ndan v\u0259 standartlar\u0131ndan istifad\u0259 edirik v\u0259 m\u00fc\u015ft\u0259ril\u0259rimiz\u0259 obyektiv v\u0259 q\u0259r\u0259zsiz audit hesabatlar\u0131 t\u0259qdim edirik.<\/li>\n\n\n\n<li><strong>\u0130dar\u0259etm\u0259 Sisteml\u0259rinin Sertifikatla\u015fd\u0131r\u0131lmas\u0131 D\u0259st\u0259yi:<\/strong> Biz ISO 9001, ISO 14001 v\u0259 ISO 45001 kimi beyn\u0259lxalq idar\u0259etm\u0259 sistemi standartlar\u0131na uy\u011fun sertifikat \u0259ld\u0259 etm\u0259k ist\u0259y\u0259n t\u0259\u015fkilatlara d\u0259st\u0259k veririk. T\u0259cr\u00fcb\u0259li m\u0259sl\u0259h\u0259t\u00e7il\u0259rimiz m\u00fc\u015ft\u0259ril\u0259rimiz\u0259 sertifikatla\u015fd\u0131rma prosesind\u0259 r\u0259hb\u0259rlik edir v\u0259 onlar\u0131n b\u00fct\u00fcn laz\u0131mi t\u0259l\u0259bl\u0259r\u0259 cavab verm\u0259sini t\u0259min edirl\u0259r.<\/li>\n\n\n\n<li><strong>IMS proqram h\u0259ll\u0259rinin t\u0259tbiqi<\/strong>: Biz t\u0259\u015fkilatlara inteqrasiya olunmu\u015f idar\u0259etm\u0259 sisteml\u0259rini effektiv \u015f\u0259kild\u0259 idar\u0259 etm\u0259y\u0259 k\u00f6m\u0259k ed\u0259n IMS proqram h\u0259ll\u0259rini t\u0259klif edirik. Proqram h\u0259ll\u0259rimiz h\u0259r bir m\u00fc\u015ft\u0259rinin x\u00fcsusi ehtiyaclar\u0131n\u0131 \u00f6d\u0259m\u0259k \u00fc\u00e7\u00fcn haz\u0131rlanm\u0131\u015fd\u0131r v\u0259 onlar\u0131n m\u00f6vcud sisteml\u0259ri il\u0259 uy\u011funlu\u011fu t\u0259min etm\u0259k \u00fc\u00e7\u00fcn f\u0259rdil\u0259\u015fdiril\u0259 bil\u0259r.<\/li>\n<\/ul>\n\n\n\n<p><strong>Keyfiyy\u0259t\u0259 n\u0259zar\u0259t v\u0259 t\u0259minat<\/strong><\/p>\n\n\n\n<p>Xidm\u0259tl\u0259rimizin keyfiyy\u0259tini t\u0259min etm\u0259k \u00fc\u00e7\u00fcn biz a\u015fa\u011f\u0131dak\u0131 keyfiyy\u0259t\u0259 n\u0259zar\u0259t v\u0259 t\u0259minat t\u0259dbirl\u0259rini qurmu\u015fuq:<\/p>\n\n\n\n<ul class=\"wp-block-list\">\n<li>Biz m\u00fcasir t\u0259lim materiallar\u0131ndan, beyn\u0259lxalq s\u0259viyy\u0259d\u0259 tan\u0131nm\u0131\u015f audit metodologiyalar\u0131ndan v\u0259 standartlar\u0131ndan v\u0259 \u0259n yax\u015f\u0131 t\u0259cr\u00fcb\u0259l\u0259rd\u0259n istifad\u0259 edirik.<\/li>\n\n\n\n<li>Biz onlar\u0131n effektivliyini v\u0259 aktuall\u0131\u011f\u0131n\u0131 t\u0259min etm\u0259k \u00fc\u00e7\u00fcn t\u0259lim proqramlar\u0131m\u0131z\u0131, audit xidm\u0259tl\u0259rimizi v\u0259 m\u0259sl\u0259h\u0259t xidm\u0259tl\u0259rimizi m\u00fct\u0259madi olaraq qiym\u0259tl\u0259ndiririk.<\/li>\n\n\n\n<li>Biz xidm\u0259tl\u0259rimizi davaml\u0131 olaraq t\u0259kmill\u0259\u015fdirm\u0259k \u00fc\u00e7\u00fcn m\u00fc\u015ft\u0259ril\u0259rimizd\u0259n r\u0259y toplay\u0131r\u0131q.<\/li>\n\n\n\n<li>Xidm\u0259tl\u0259rimizin effektivliyini v\u0259 beyn\u0259lxalq standartlara uy\u011funlu\u011funu t\u0259min etm\u0259k \u00fc\u00e7\u00fcn daxili yoxlama prosesl\u0259ri qurmu\u015fuq.<\/li>\n<\/ul>\n\n\n\n<p><strong>PECB Akkreditasiyalar\u0131<\/strong><\/p>\n\n\n\n<p>ConimCert idar\u0259etm\u0259 sisteml\u0259ri s\u0259nayesind\u0259 t\u0259lim, sertifikatla\u015fd\u0131rma v\u0259 audit xidm\u0259tl\u0259rinin apar\u0131c\u0131 t\u0259chizat\u00e7\u0131s\u0131 olan PECB-in reselleri v\u0259 t\u0259r\u0259fda\u015f\u0131d\u0131r. PECB bir s\u0131ra beyn\u0259lxalq t\u0259\u015fkilatlar t\u0259r\u0259find\u0259n akkredit\u0259 olunub, o c\u00fcml\u0259d\u0259n:<\/p>\n\n\n\n<ul class=\"wp-block-list\">\n<li>Beyn\u0259lxalq Akkreditasiya Xidm\u0259ti (IAS)<\/li>\n\n\n\n<li>Birl\u0259\u015fmi\u015f Krall\u0131q Akkreditasiya Xidm\u0259ti (UKAS)<\/li>\n\n\n\n<li>Sertifikatla\u015fd\u0131rma Orqanlar\u0131 \u00fc\u00e7\u00fcn Akkreditasiya Xidm\u0259tl\u0259ri (ASCB)<\/li>\n\n\n\n<li>Sertifikatla\u015fd\u0131rma Orqanlar\u0131 \u00fc\u00e7\u00fcn Milli Akkreditasiya \u015euras\u0131 (NABCB)<\/li>\n<\/ul>\n\n\n\n<p>PECB-in akkreditasiyas\u0131 onlar\u0131n xidm\u0259tl\u0259rinin \u0259n y\u00fcks\u0259k keyfiyy\u0259t standartlar\u0131na cavab verm\u0259sini v\u0259 b\u00fct\u00fcn d\u00fcnyada tan\u0131nmas\u0131n\u0131 t\u0259min edir. L\u00fctf\u0259n, PECB-in akkreditasiyalar\u0131 haqq\u0131nda \u0259trafl\u0131 m\u0259lumat \u00fc\u00e7\u00fcn a\u015fa\u011f\u0131dak\u0131 URL-\u0259 daxil olun: https:\/\/pecb.com\/en\/accreditations-and-affiliations<\/p>\n\n\n\n<p>PECB-in reselleri v\u0259 partnyoru kimi ConimCert m\u00fc\u015ft\u0259ril\u0259rimiz\u0259 PECB-in y\u00fcks\u0259k keyfiyy\u0259tli xidm\u0259tl\u0259rini t\u0259qdim etm\u0259k v\u0259 onlar\u0131n idar\u0259etm\u0259 sisteml\u0259rini t\u0259kmill\u0259\u015fdirm\u0259k s\u0259yl\u0259rind\u0259 onlara d\u0259st\u0259k olmaq \u00f6hd\u0259liyi g\u00f6t\u00fcr\u00fcr.<\/p>\n\n\n\n<p><strong>M\u00fc\u015ft\u0259ril\u0259rimizin ehtiyaclar\u0131n\u0131 \u00f6d\u0259m\u0259yi v\u0259 onlar\u0131n g\u00f6zl\u0259ntil\u0259rini a\u015fma\u011f\u0131m\u0131z\u0131 t\u0259min etm\u0259k \u00fc\u00e7\u00fcn keyfiyy\u0259t\u0259 n\u0259zar\u0259t v\u0259 t\u0259minat t\u0259dbirl\u0259rimizi davaml\u0131 olaraq n\u0259z\u0259rd\u0259n ke\u00e7irir v\u0259 t\u0259kmill\u0259\u015fdiririk. Keyfiyy\u0259t\u0259 z\u0259man\u0259t sistemimiz v\u0259 ya xidm\u0259tl\u0259rimizl\u0259 ba\u011fl\u0131 h\u0259r hans\u0131 sual\u0131n\u0131z varsa, biziml\u0259 \u0259laq\u0259 saxlamaqdan \u00e7\u0259kinm\u0259yin.<\/strong><\/p>","protected":false},"excerpt":{"rendered":"<p>At ConimCert, we are committed to providing our clients with high-quality services that meet their needs and exceed their expectations. We have implemented a robust quality assurance system to ensure that our services consistently meet the highest standards of quality. Our Services We offer the following services to our clients: Quality Control and Assurance To [&hellip;]<\/p>","protected":false},"author":4,"featured_media":0,"parent":0,"menu_order":0,"comment_status":"closed","ping_status":"closed","template":"","meta":{"_acf_changed":false,"om_disable_all_campaigns":false,"_mi_skip_tracking":false,"footnotes":""},"class_list":["post-671","page","type-page","status-publish","hentry"],"acf":[],"yoast_head":"<!-- This site is optimized with the Yoast SEO plugin v20.5 - https:\/\/yoast.com\/wordpress\/plugins\/seo\/ -->\n<title>QUALITY ASSURANCE AND ACCREDITATIONS - Conimcert<\/title>\n<meta name=\"robots\" content=\"index, follow, max-snippet:-1, max-image-preview:large, max-video-preview:-1\" \/>\n<link rel=\"canonical\" href=\"https:\/\/conimcert.com\/az\/quality-assurance-and-accreditations\/\" \/>\n<meta property=\"og:locale\" content=\"az_AZ\" \/>\n<meta property=\"og:type\" content=\"article\" \/>\n<meta property=\"og:title\" content=\"QUALITY ASSURANCE AND ACCREDITATIONS - Conimcert\" \/>\n<meta property=\"og:description\" content=\"At ConimCert, we are committed to providing our clients with high-quality services that meet their needs and exceed their expectations. We have implemented a robust quality assurance system to ensure that our services consistently meet the highest standards of quality. Our Services We offer the following services to our clients: Quality Control and Assurance To [&hellip;]\" \/>\n<meta property=\"og:url\" content=\"https:\/\/conimcert.com\/az\/quality-assurance-and-accreditations\/\" \/>\n<meta property=\"og:site_name\" content=\"Conimcert\" \/>\n<meta name=\"twitter:card\" content=\"summary_large_image\" \/>\n<meta name=\"twitter:label1\" content=\"Est. reading time\" \/>\n\t<meta name=\"twitter:data1\" content=\"2 minutes\" \/>\n<script type=\"application\/ld+json\" class=\"yoast-schema-graph\">{\"@context\":\"https:\/\/schema.org\",\"@graph\":[{\"@type\":\"WebPage\",\"@id\":\"https:\/\/conimcert.com\/quality-assurance-and-accreditations\/\",\"url\":\"https:\/\/conimcert.com\/quality-assurance-and-accreditations\/\",\"name\":\"QUALITY ASSURANCE AND ACCREDITATIONS - Conimcert\",\"isPartOf\":{\"@id\":\"https:\/\/conimcert.com\/#website\"},\"datePublished\":\"2023-04-06T20:01:57+00:00\",\"dateModified\":\"2023-04-06T20:01:57+00:00\",\"breadcrumb\":{\"@id\":\"https:\/\/conimcert.com\/quality-assurance-and-accreditations\/#breadcrumb\"},\"inLanguage\":\"az\",\"potentialAction\":[{\"@type\":\"ReadAction\",\"target\":[\"https:\/\/conimcert.com\/quality-assurance-and-accreditations\/\"]}]},{\"@type\":\"BreadcrumbList\",\"@id\":\"https:\/\/conimcert.com\/quality-assurance-and-accreditations\/#breadcrumb\",\"itemListElement\":[{\"@type\":\"ListItem\",\"position\":1,\"name\":\"Home\",\"item\":\"https:\/\/conimcert.com\/\"},{\"@type\":\"ListItem\",\"position\":2,\"name\":\"QUALITY ASSURANCE AND ACCREDITATIONS\"}]},{\"@type\":\"WebSite\",\"@id\":\"https:\/\/conimcert.com\/#website\",\"url\":\"https:\/\/conimcert.com\/\",\"name\":\"Conimcert\",\"description\":\"\",\"publisher\":{\"@id\":\"https:\/\/conimcert.com\/#organization\"},\"potentialAction\":[{\"@type\":\"SearchAction\",\"target\":{\"@type\":\"EntryPoint\",\"urlTemplate\":\"https:\/\/conimcert.com\/?s={search_term_string}\"},\"query-input\":\"required name=search_term_string\"}],\"inLanguage\":\"az\"},{\"@type\":\"Organization\",\"@id\":\"https:\/\/conimcert.com\/#organization\",\"name\":\"Conimcert\",\"url\":\"https:\/\/conimcert.com\/\",\"logo\":{\"@type\":\"ImageObject\",\"inLanguage\":\"az\",\"@id\":\"https:\/\/conimcert.com\/#\/schema\/logo\/image\/\",\"url\":\"https:\/\/conimcert.com\/wp-content\/uploads\/2023\/03\/Conim-LOGO.png\",\"contentUrl\":\"https:\/\/conimcert.com\/wp-content\/uploads\/2023\/03\/Conim-LOGO.png\",\"width\":877,\"height\":151,\"caption\":\"Conimcert\"},\"image\":{\"@id\":\"https:\/\/conimcert.com\/#\/schema\/logo\/image\/\"}}]}<\/script>\n<!-- \/ Yoast SEO plugin. -->","yoast_head_json":{"title":"QUALITY ASSURANCE AND ACCREDITATIONS - Conimcert","robots":{"index":"index","follow":"follow","max-snippet":"max-snippet:-1","max-image-preview":"max-image-preview:large","max-video-preview":"max-video-preview:-1"},"canonical":"https:\/\/conimcert.com\/az\/quality-assurance-and-accreditations\/","og_locale":"az_AZ","og_type":"article","og_title":"QUALITY ASSURANCE AND ACCREDITATIONS - Conimcert","og_description":"At ConimCert, we are committed to providing our clients with high-quality services that meet their needs and exceed their expectations. We have implemented a robust quality assurance system to ensure that our services consistently meet the highest standards of quality. Our Services We offer the following services to our clients: Quality Control and Assurance To [&hellip;]","og_url":"https:\/\/conimcert.com\/az\/quality-assurance-and-accreditations\/","og_site_name":"Conimcert","twitter_card":"summary_large_image","twitter_misc":{"Est. reading time":"2 minutes"},"schema":{"@context":"https:\/\/schema.org","@graph":[{"@type":"WebPage","@id":"https:\/\/conimcert.com\/quality-assurance-and-accreditations\/","url":"https:\/\/conimcert.com\/quality-assurance-and-accreditations\/","name":"QUALITY ASSURANCE AND ACCREDITATIONS - Conimcert","isPartOf":{"@id":"https:\/\/conimcert.com\/#website"},"datePublished":"2023-04-06T20:01:57+00:00","dateModified":"2023-04-06T20:01:57+00:00","breadcrumb":{"@id":"https:\/\/conimcert.com\/quality-assurance-and-accreditations\/#breadcrumb"},"inLanguage":"az","potentialAction":[{"@type":"ReadAction","target":["https:\/\/conimcert.com\/quality-assurance-and-accreditations\/"]}]},{"@type":"BreadcrumbList","@id":"https:\/\/conimcert.com\/quality-assurance-and-accreditations\/#breadcrumb","itemListElement":[{"@type":"ListItem","position":1,"name":"Home","item":"https:\/\/conimcert.com\/"},{"@type":"ListItem","position":2,"name":"QUALITY ASSURANCE AND ACCREDITATIONS"}]},{"@type":"WebSite","@id":"https:\/\/conimcert.com\/#website","url":"https:\/\/conimcert.com\/","name":"Conimcert","description":"","publisher":{"@id":"https:\/\/conimcert.com\/#organization"},"potentialAction":[{"@type":"SearchAction","target":{"@type":"EntryPoint","urlTemplate":"https:\/\/conimcert.com\/?s={search_term_string}"},"query-input":"required name=search_term_string"}],"inLanguage":"az"},{"@type":"Organization","@id":"https:\/\/conimcert.com\/#organization","name":"Conimcert","url":"https:\/\/conimcert.com\/","logo":{"@type":"ImageObject","inLanguage":"az","@id":"https:\/\/conimcert.com\/#\/schema\/logo\/image\/","url":"https:\/\/conimcert.com\/wp-content\/uploads\/2023\/03\/Conim-LOGO.png","contentUrl":"https:\/\/conimcert.com\/wp-content\/uploads\/2023\/03\/Conim-LOGO.png","width":877,"height":151,"caption":"Conimcert"},"image":{"@id":"https:\/\/conimcert.com\/#\/schema\/logo\/image\/"}}]}},"_links":{"self":[{"href":"https:\/\/conimcert.com\/az\/wp-json\/wp\/v2\/pages\/671","targetHints":{"allow":["GET"]}}],"collection":[{"href":"https:\/\/conimcert.com\/az\/wp-json\/wp\/v2\/pages"}],"about":[{"href":"https:\/\/conimcert.com\/az\/wp-json\/wp\/v2\/types\/page"}],"author":[{"embeddable":true,"href":"https:\/\/conimcert.com\/az\/wp-json\/wp\/v2\/users\/4"}],"replies":[{"embeddable":true,"href":"https:\/\/conimcert.com\/az\/wp-json\/wp\/v2\/comments?post=671"}],"version-history":[{"count":0,"href":"https:\/\/conimcert.com\/az\/wp-json\/wp\/v2\/pages\/671\/revisions"}],"wp:attachment":[{"href":"https:\/\/conimcert.com\/az\/wp-json\/wp\/v2\/media?parent=671"}],"curies":[{"name":"wp","href":"https:\/\/api.w.org\/{rel}","templated":true}]}}