{"id":546,"date":"2023-04-06T09:36:09","date_gmt":"2023-04-06T09:36:09","guid":{"rendered":"https:\/\/conimcert.com\/?page_id=546"},"modified":"2023-04-23T12:15:25","modified_gmt":"2023-04-23T12:15:25","slug":"corporate-social-responsibility-csr","status":"publish","type":"page","link":"https:\/\/conimcert.com\/az\/corporate-social-responsibility-csr\/","title":{"rendered":"KORPORAT\u0130V SOS\u0130AL M\u018fSUL\u0130YY\u018fT (KSM)"},"content":{"rendered":"<div data-elementor-type=\"wp-page\" data-elementor-id=\"546\" class=\"elementor elementor-546\" data-elementor-post-type=\"page\">\n\t\t\t\t<div class=\"elementor-element elementor-element-ee9ce18 e-flex e-con-boxed e-con e-parent\" data-id=\"ee9ce18\" data-element_type=\"container\">\n\t\t\t\t\t<div class=\"e-con-inner\">\n\t\t\t\t<div class=\"elementor-element elementor-element-225a419 elementor-widget elementor-widget-text-editor\" data-id=\"225a419\" data-element_type=\"widget\" data-widget_type=\"text-editor.default\">\n\t\t\t\t<div class=\"elementor-widget-container\">\n\t\t\t<style>\/*! elementor - v3.21.0 - 25-04-2024 *\/\n.elementor-widget-text-editor.elementor-drop-cap-view-stacked .elementor-drop-cap{background-color:#69727d;color:#fff}.elementor-widget-text-editor.elementor-drop-cap-view-framed .elementor-drop-cap{color:#69727d;border:3px solid;background-color:transparent}.elementor-widget-text-editor:not(.elementor-drop-cap-view-default) .elementor-drop-cap{margin-top:8px}.elementor-widget-text-editor:not(.elementor-drop-cap-view-default) .elementor-drop-cap-letter{width:1em;height:1em}.elementor-widget-text-editor .elementor-drop-cap{float:left;text-align:center;line-height:1;font-size:50px}.elementor-widget-text-editor .elementor-drop-cap-letter{display:inline-block}<\/style>\t\t\t\t<p>ConimCert-d\u0259 biz ba\u015fa d\u00fc\u015f\u00fcr\u00fck ki, biznes \u0259m\u0259liyyatlar\u0131m\u0131z t\u0259kc\u0259 maraql\u0131 t\u0259r\u0259fl\u0259rimiz\u0259 deyil, h\u0259m d\u0259 xidm\u0259t g\u00f6st\u0259rdiyimiz icmalara t\u0259sir g\u00f6st\u0259rir. M\u0259suliyy\u0259tli bir korporativ v\u0259t\u0259nda\u015f olaraq, biz davaml\u0131 t\u0259cr\u00fcb\u0259l\u0259ri \u0259m\u0259liyyatlar\u0131m\u0131z\u0131n b\u00fct\u00fcn aspektl\u0259rin\u0259 inteqrasiya etm\u0259y\u0259 sadiqik.<\/p><p>Bizim KSM siyas\u0259timiz a\u015fa\u011f\u0131dak\u0131 prinsipl\u0259r\u0259 \u0259saslan\u0131r:<\/p><p><b>Etik Davran\u0131\u015f:<\/b> Biz i\u015fimizi \u0259dal\u0259tli, d\u00fcr\u00fcst v\u0259 \u015f\u0259ffaf \u015f\u0259kild\u0259 aparma\u011fa, y\u00fcks\u0259k etik standartlara riay\u0259t etm\u0259y\u0259 v\u0259 m\u0259suliyy\u0259tli biznes t\u0259cr\u00fcb\u0259l\u0259rini t\u0259\u015fviq etm\u0259y\u0259 sadiqik.<\/p><p><b>\u018ftraf M\u00fchit M\u0259suliyy\u0259ti: <\/b>Tullant\u0131lar\u0131 azaltmaqla, resurslara q\u0259na\u0259t etm\u0259kl\u0259 v\u0259 davaml\u0131 t\u0259cr\u00fcb\u0259l\u0259ri t\u0259\u015fviq etm\u0259kl\u0259 \u0259m\u0259liyyatlar\u0131m\u0131z\u0131n \u0259traf m\u00fchit\u0259 t\u0259sirini minimuma endirm\u0259k m\u0259suliyy\u0259timizi d\u0259rk edirik.<\/p><p><b>Sosial M\u0259suliyy\u0259t:<\/b> Biz sosial s\u0259b\u0259bl\u0259ri d\u0259st\u0259kl\u0259m\u0259kl\u0259, xeyriyy\u0259\u00e7ilik f\u0259aliyy\u0259tl\u0259rind\u0259 i\u015ftirak etm\u0259kl\u0259, m\u00fcxt\u0259lifliyi v\u0259 inkl\u00fczivliyi t\u0259\u015fviq etm\u0259kl\u0259 f\u0259aliyy\u0259t g\u00f6st\u0259rdiyimiz icmalar qar\u015f\u0131s\u0131nda \u00f6hd\u0259liyimizi q\u0259bul edirik.<\/p><p><b>\u0130\u015f\u00e7il\u0259rin rifah\u0131:<\/b> Biz i\u015f\u00e7il\u0259rimizi qiym\u0259tl\u0259ndiririk v\u0259 \u015f\u0259xsi v\u0259 pe\u015f\u0259kar inki\u015faf\u0131 t\u0259\u015fviq ed\u0259n t\u0259hl\u00fck\u0259siz, sa\u011flam v\u0259 \u0259hat\u0259li i\u015f m\u00fchiti t\u0259min etm\u0259yi \u00f6hd\u0259miz\u0259 g\u00f6t\u00fcr\u00fcr\u00fck.<\/p><p><b>M\u00fc\u015ft\u0259ri m\u0259mnuniyy\u0259ti: <\/b>Biz y\u00fcks\u0259k keyfiyy\u0259tli m\u0259hsul v\u0259 xidm\u0259tl\u0259r t\u0259qdim etm\u0259kl\u0259, m\u00fc\u015ft\u0259ri m\u0259mnuniyy\u0259tini v\u0259 s\u0259daq\u0259tini t\u0259min etm\u0259kl\u0259 m\u00fc\u015ft\u0259ril\u0259rimizin g\u00f6zl\u0259ntil\u0259rini a\u015fma\u011fa \u00e7al\u0131\u015f\u0131r\u0131q.<\/p><p>Biz yaranan tendensiyalar v\u0259 standartlara uy\u011funla\u015fd\u0131rmaq \u00fc\u00e7\u00fcn KSM siyas\u0259timizi v\u0259 t\u0259cr\u00fcb\u0259l\u0259rimizi daim n\u0259z\u0259rd\u0259n ke\u00e7irir v\u0259 t\u0259kmill\u0259\u015fdiririk.<\/p><p>\u00d6hd\u0259liyimizin bir hiss\u0259si olaraq \u015f\u0259ffafl\u0131\u011f\u0131 v\u0259 hesabatl\u0131l\u0131\u011f\u0131 t\u0259min ed\u0259r\u0259k, ir\u0259lil\u0259yi\u015fimiz\u0259 n\u0259zar\u0259t edib maraql\u0131 t\u0259r\u0259fl\u0259r\u0259 hesabat ver\u0259c\u0259yik.<\/p><p>ConimCert davaml\u0131 inki\u015fafa t\u00f6hf\u0259 verm\u0259kd\u0259n v\u0259 xidm\u0259t etdiyimiz icmalarda m\u00fcsb\u0259t q\u00fcvv\u0259 olmaqdan q\u00fcrur duyur.<\/p>\t\t\t\t\t\t<\/div>\n\t\t\t\t<\/div>\n\t\t\t\t\t<\/div>\n\t\t\t\t<\/div>\n\t\t\t\t<\/div>","protected":false},"excerpt":{"rendered":"<p>At ConimCert, we understand that our business operations impact not only our stakeholders but also the\u00a0communities we serve. As a responsible corporate citizen, we are committed to integrating sustainable\u00a0practices into all aspects of our operations. Our CSR policy is based on the following principles: Ethical Conduct: We are committed to conducting our business in a [&hellip;]<\/p>","protected":false},"author":2,"featured_media":0,"parent":0,"menu_order":0,"comment_status":"closed","ping_status":"closed","template":"","meta":{"_acf_changed":false,"om_disable_all_campaigns":false,"_mi_skip_tracking":false,"footnotes":""},"class_list":["post-546","page","type-page","status-publish","hentry"],"acf":[],"yoast_head":"<!-- This site is optimized with the Yoast SEO plugin v20.5 - https:\/\/yoast.com\/wordpress\/plugins\/seo\/ -->\n<title>CORPORATE SOCIAL RESPONSIBILITY (CSR) - Conimcert<\/title>\n<meta name=\"robots\" content=\"index, follow, max-snippet:-1, max-image-preview:large, max-video-preview:-1\" \/>\n<link rel=\"canonical\" href=\"https:\/\/conimcert.com\/az\/corporate-social-responsibility-csr\/\" \/>\n<meta property=\"og:locale\" content=\"az_AZ\" \/>\n<meta property=\"og:type\" content=\"article\" \/>\n<meta property=\"og:title\" content=\"CORPORATE SOCIAL RESPONSIBILITY (CSR) - Conimcert\" \/>\n<meta property=\"og:description\" content=\"At ConimCert, we understand that our business operations impact not only our stakeholders but also the\u00a0communities we serve. As a responsible corporate citizen, we are committed to integrating sustainable\u00a0practices into all aspects of our operations. Our CSR policy is based on the following principles: Ethical Conduct: We are committed to conducting our business in a [&hellip;]\" \/>\n<meta property=\"og:url\" content=\"https:\/\/conimcert.com\/az\/corporate-social-responsibility-csr\/\" \/>\n<meta property=\"og:site_name\" content=\"Conimcert\" \/>\n<meta property=\"article:modified_time\" content=\"2023-04-23T12:15:25+00:00\" \/>\n<meta name=\"twitter:card\" content=\"summary_large_image\" \/>\n<meta name=\"twitter:label1\" content=\"Est. reading time\" \/>\n\t<meta name=\"twitter:data1\" content=\"1 minute\" \/>\n<script type=\"application\/ld+json\" class=\"yoast-schema-graph\">{\"@context\":\"https:\/\/schema.org\",\"@graph\":[{\"@type\":\"WebPage\",\"@id\":\"https:\/\/conimcert.com\/corporate-social-responsibility-csr\/\",\"url\":\"https:\/\/conimcert.com\/corporate-social-responsibility-csr\/\",\"name\":\"CORPORATE SOCIAL RESPONSIBILITY (CSR) - Conimcert\",\"isPartOf\":{\"@id\":\"https:\/\/conimcert.com\/#website\"},\"datePublished\":\"2023-04-06T09:36:09+00:00\",\"dateModified\":\"2023-04-23T12:15:25+00:00\",\"breadcrumb\":{\"@id\":\"https:\/\/conimcert.com\/corporate-social-responsibility-csr\/#breadcrumb\"},\"inLanguage\":\"az\",\"potentialAction\":[{\"@type\":\"ReadAction\",\"target\":[\"https:\/\/conimcert.com\/corporate-social-responsibility-csr\/\"]}]},{\"@type\":\"BreadcrumbList\",\"@id\":\"https:\/\/conimcert.com\/corporate-social-responsibility-csr\/#breadcrumb\",\"itemListElement\":[{\"@type\":\"ListItem\",\"position\":1,\"name\":\"Home\",\"item\":\"https:\/\/conimcert.com\/\"},{\"@type\":\"ListItem\",\"position\":2,\"name\":\"CORPORATE SOCIAL RESPONSIBILITY (CSR)\"}]},{\"@type\":\"WebSite\",\"@id\":\"https:\/\/conimcert.com\/#website\",\"url\":\"https:\/\/conimcert.com\/\",\"name\":\"Conimcert\",\"description\":\"\",\"publisher\":{\"@id\":\"https:\/\/conimcert.com\/#organization\"},\"potentialAction\":[{\"@type\":\"SearchAction\",\"target\":{\"@type\":\"EntryPoint\",\"urlTemplate\":\"https:\/\/conimcert.com\/?s={search_term_string}\"},\"query-input\":\"required name=search_term_string\"}],\"inLanguage\":\"az\"},{\"@type\":\"Organization\",\"@id\":\"https:\/\/conimcert.com\/#organization\",\"name\":\"Conimcert\",\"url\":\"https:\/\/conimcert.com\/\",\"logo\":{\"@type\":\"ImageObject\",\"inLanguage\":\"az\",\"@id\":\"https:\/\/conimcert.com\/#\/schema\/logo\/image\/\",\"url\":\"https:\/\/conimcert.com\/wp-content\/uploads\/2023\/03\/Conim-LOGO.png\",\"contentUrl\":\"https:\/\/conimcert.com\/wp-content\/uploads\/2023\/03\/Conim-LOGO.png\",\"width\":877,\"height\":151,\"caption\":\"Conimcert\"},\"image\":{\"@id\":\"https:\/\/conimcert.com\/#\/schema\/logo\/image\/\"}}]}<\/script>\n<!-- \/ Yoast SEO plugin. -->","yoast_head_json":{"title":"CORPORATE SOCIAL RESPONSIBILITY (CSR) - Conimcert","robots":{"index":"index","follow":"follow","max-snippet":"max-snippet:-1","max-image-preview":"max-image-preview:large","max-video-preview":"max-video-preview:-1"},"canonical":"https:\/\/conimcert.com\/az\/corporate-social-responsibility-csr\/","og_locale":"az_AZ","og_type":"article","og_title":"CORPORATE SOCIAL RESPONSIBILITY (CSR) - Conimcert","og_description":"At ConimCert, we understand that our business operations impact not only our stakeholders but also the\u00a0communities we serve. As a responsible corporate citizen, we are committed to integrating sustainable\u00a0practices into all aspects of our operations. Our CSR policy is based on the following principles: Ethical Conduct: We are committed to conducting our business in a [&hellip;]","og_url":"https:\/\/conimcert.com\/az\/corporate-social-responsibility-csr\/","og_site_name":"Conimcert","article_modified_time":"2023-04-23T12:15:25+00:00","twitter_card":"summary_large_image","twitter_misc":{"Est. reading time":"1 minute"},"schema":{"@context":"https:\/\/schema.org","@graph":[{"@type":"WebPage","@id":"https:\/\/conimcert.com\/corporate-social-responsibility-csr\/","url":"https:\/\/conimcert.com\/corporate-social-responsibility-csr\/","name":"CORPORATE SOCIAL RESPONSIBILITY (CSR) - Conimcert","isPartOf":{"@id":"https:\/\/conimcert.com\/#website"},"datePublished":"2023-04-06T09:36:09+00:00","dateModified":"2023-04-23T12:15:25+00:00","breadcrumb":{"@id":"https:\/\/conimcert.com\/corporate-social-responsibility-csr\/#breadcrumb"},"inLanguage":"az","potentialAction":[{"@type":"ReadAction","target":["https:\/\/conimcert.com\/corporate-social-responsibility-csr\/"]}]},{"@type":"BreadcrumbList","@id":"https:\/\/conimcert.com\/corporate-social-responsibility-csr\/#breadcrumb","itemListElement":[{"@type":"ListItem","position":1,"name":"Home","item":"https:\/\/conimcert.com\/"},{"@type":"ListItem","position":2,"name":"CORPORATE SOCIAL RESPONSIBILITY (CSR)"}]},{"@type":"WebSite","@id":"https:\/\/conimcert.com\/#website","url":"https:\/\/conimcert.com\/","name":"Conimcert","description":"","publisher":{"@id":"https:\/\/conimcert.com\/#organization"},"potentialAction":[{"@type":"SearchAction","target":{"@type":"EntryPoint","urlTemplate":"https:\/\/conimcert.com\/?s={search_term_string}"},"query-input":"required name=search_term_string"}],"inLanguage":"az"},{"@type":"Organization","@id":"https:\/\/conimcert.com\/#organization","name":"Conimcert","url":"https:\/\/conimcert.com\/","logo":{"@type":"ImageObject","inLanguage":"az","@id":"https:\/\/conimcert.com\/#\/schema\/logo\/image\/","url":"https:\/\/conimcert.com\/wp-content\/uploads\/2023\/03\/Conim-LOGO.png","contentUrl":"https:\/\/conimcert.com\/wp-content\/uploads\/2023\/03\/Conim-LOGO.png","width":877,"height":151,"caption":"Conimcert"},"image":{"@id":"https:\/\/conimcert.com\/#\/schema\/logo\/image\/"}}]}},"_links":{"self":[{"href":"https:\/\/conimcert.com\/az\/wp-json\/wp\/v2\/pages\/546","targetHints":{"allow":["GET"]}}],"collection":[{"href":"https:\/\/conimcert.com\/az\/wp-json\/wp\/v2\/pages"}],"about":[{"href":"https:\/\/conimcert.com\/az\/wp-json\/wp\/v2\/types\/page"}],"author":[{"embeddable":true,"href":"https:\/\/conimcert.com\/az\/wp-json\/wp\/v2\/users\/2"}],"replies":[{"embeddable":true,"href":"https:\/\/conimcert.com\/az\/wp-json\/wp\/v2\/comments?post=546"}],"version-history":[{"count":0,"href":"https:\/\/conimcert.com\/az\/wp-json\/wp\/v2\/pages\/546\/revisions"}],"wp:attachment":[{"href":"https:\/\/conimcert.com\/az\/wp-json\/wp\/v2\/media?parent=546"}],"curies":[{"name":"wp","href":"https:\/\/api.w.org\/{rel}","templated":true}]}}