{"id":1420,"date":"2023-04-17T10:34:18","date_gmt":"2023-04-17T10:34:18","guid":{"rendered":"https:\/\/conimcert.com\/?page_id=1420"},"modified":"2023-04-23T12:40:35","modified_gmt":"2023-04-23T12:40:35","slug":"individual-and-corporate-trainings","status":"publish","type":"page","link":"https:\/\/conimcert.com\/az\/individual-and-corporate-trainings\/","title":{"rendered":"F\u0259rdi v\u0259 Korporativ T\u0259liml\u0259r:"},"content":{"rendered":"<div data-elementor-type=\"wp-page\" data-elementor-id=\"1420\" class=\"elementor elementor-1420\" data-elementor-post-type=\"page\">\n\t\t\t\t<div class=\"elementor-element elementor-element-2a75e1d e-flex e-con-boxed e-con e-parent\" data-id=\"2a75e1d\" data-element_type=\"container\">\n\t\t\t\t\t<div class=\"e-con-inner\">\n\t\t\t\t<div class=\"elementor-element elementor-element-2d5ff5c elementor-widget elementor-widget-text-editor\" data-id=\"2d5ff5c\" data-element_type=\"widget\" data-widget_type=\"text-editor.default\">\n\t\t\t\t<div class=\"elementor-widget-container\">\n\t\t\t<style>\/*! elementor - v3.21.0 - 25-04-2024 *\/\n.elementor-widget-text-editor.elementor-drop-cap-view-stacked .elementor-drop-cap{background-color:#69727d;color:#fff}.elementor-widget-text-editor.elementor-drop-cap-view-framed .elementor-drop-cap{color:#69727d;border:3px solid;background-color:transparent}.elementor-widget-text-editor:not(.elementor-drop-cap-view-default) .elementor-drop-cap{margin-top:8px}.elementor-widget-text-editor:not(.elementor-drop-cap-view-default) .elementor-drop-cap-letter{width:1em;height:1em}.elementor-widget-text-editor .elementor-drop-cap{float:left;text-align:center;line-height:1;font-size:50px}.elementor-widget-text-editor .elementor-drop-cap-letter{display:inline-block}<\/style>\t\t\t\t<p>Bizim idar\u0259etm\u0259 sisteml\u0259ri \u00fczr\u0259 t\u0259lim xidm\u0259tl\u0259rimiz t\u0259\u015fkilatlara v\u0259 \u015f\u0259xsl\u0259r\u0259 beyn\u0259lxalq standartlara v\u0259 s\u0259naye t\u0259limatlar\u0131na\/\u00e7\u0259r\u00e7iv\u0259l\u0259rin\u0259 cavab ver\u0259n effektiv idar\u0259etm\u0259 sisteml\u0259ri v\u0259 t\u0259cr\u00fcb\u0259l\u0259rini inki\u015faf etdirm\u0259y\u0259, t\u0259tbiq etm\u0259y\u0259 v\u0259 saxlama\u011fa k\u00f6m\u0259k etm\u0259k \u00fc\u00e7\u00fcn n\u0259z\u0259rd\u0259 tutulmu\u015fdur. <br \/><br \/>T\u0259lim proqramlar\u0131m\u0131z h\u0259r bir m\u00fc\u015ft\u0259rinin x\u00fcsusi ehtiyaclar\u0131n\u0131 \u00f6d\u0259m\u0259k \u00fc\u00e7\u00fcn haz\u0131rlanm\u0131\u015fd\u0131r v\u0259 \u00f6z sah\u0259l\u0259rind\u0259 geni\u015f t\u0259cr\u00fcb\u0259y\u0259 malik sertifikatl\u0131 m\u00fct\u0259x\u0259ssisl\u0259r t\u0259r\u0259find\u0259n \u00e7atd\u0131r\u0131l\u0131r.<\/p><p>\u00a0<\/p><p><img decoding=\"async\" class=\"wp-image-2754  alignleft\" src=\"https:\/\/conimcert.com\/wp-content\/uploads\/2023\/04\/1-pecb-authorized-partner.png\" alt=\"\" width=\"114\" height=\"120\" \/><\/p><h3><strong>PECB Akkreditasiyalar\u0131<\/strong><\/h3><p>ConimCert idar\u0259etm\u0259 sisteml\u0259ri s\u0259nayesind\u0259 t\u0259lim, sertifikatla\u015fd\u0131rma v\u0259 audit xidm\u0259tl\u0259rinin apar\u0131c\u0131 t\u0259chizat\u00e7\u0131s\u0131 olan PECB-in reselleri v\u0259 t\u0259r\u0259fda\u015f\u0131d\u0131r. PECB bir s\u0131ra beyn\u0259lxalq t\u0259\u015fkilatlar t\u0259r\u0259find\u0259n akkredit\u0259 olunub, o c\u00fcml\u0259d\u0259n:<\/p><ul><li>Beyn\u0259lxalq Akkreditasiya Xidm\u0259ti (IAS)<\/li><li>Birl\u0259\u015fmi\u015f Krall\u0131q Akkreditasiya Xidm\u0259ti (UKAS)<\/li><li>Sertifikatla\u015fd\u0131rma Orqanlar\u0131 \u00fc\u00e7\u00fcn Akkreditasiya Xidm\u0259tl\u0259ri (ASCB)<\/li><li>Sertifikatla\u015fd\u0131rma Orqanlar\u0131 \u00fc\u00e7\u00fcn Milli Akkreditasiya \u015euras\u0131 (NABCB)<\/li><\/ul><p>\u00a0<\/p><p>PECB Akkreditasiyalar\u0131 xidm\u0259tl\u0259rinin \u0259n y\u00fcks\u0259k keyfiyy\u0259t standartlar\u0131na cavab verm\u0259si v\u0259 d\u00fcnyada tan\u0131nmas\u0131n\u0131 t\u0259min edir.<\/p><p>PECB Akkreditasiyalar\u0131 haqq\u0131nda daha \u0259trafl\u0131 m\u0259lumat \u0259ld\u0259 etm\u0259k \u00fc\u00e7\u00fcn ke\u00e7id\u0259 daxil olun: https:\/\/pecb.com\/en\/accreditations-and-affiliations<\/p><p>PECB-nin reselleri v\u0259 partnyoru kimi ConimCert m\u00fc\u015ft\u0259ril\u0259rimiz\u0259 PECB-nin y\u00fcks\u0259k keyfiyy\u0259tli xidm\u0259tl\u0259rini t\u0259qdim etm\u0259k v\u0259 onlar\u0131n idar\u0259etm\u0259 sisteml\u0259rini t\u0259kmill\u0259\u015fdirm\u0259k s\u0259yl\u0259rind\u0259 onlara d\u0259st\u0259k olmaq \u00f6hd\u0259liyi g\u00f6t\u00fcr\u00fcr.<\/p><p>\u00a0<\/p>\t\t\t\t\t\t<\/div>\n\t\t\t\t<\/div>\n\t\t\t\t\t<\/div>\n\t\t\t\t<\/div>\n\t\t\t\t<\/div>","protected":false},"excerpt":{"rendered":"<p>Bizim idar\u0259etm\u0259 sisteml\u0259ri \u00fczr\u0259 t\u0259lim xidm\u0259tl\u0259rimiz t\u0259\u015fkilatlara v\u0259 \u015f\u0259xsl\u0259r\u0259 beyn\u0259lxalq standartlara v\u0259 s\u0259naye t\u0259limatlar\u0131na\/\u00e7\u0259r\u00e7iv\u0259l\u0259rin\u0259 cavab ver\u0259n effektiv idar\u0259etm\u0259 sisteml\u0259ri v\u0259 t\u0259cr\u00fcb\u0259l\u0259rini inki\u015faf etdirm\u0259y\u0259, t\u0259tbiq etm\u0259y\u0259 v\u0259 saxlama\u011fa k\u00f6m\u0259k etm\u0259k \u00fc\u00e7\u00fcn n\u0259z\u0259rd\u0259 tutulmu\u015fdur. T\u0259lim proqramlar\u0131m\u0131z h\u0259r bir m\u00fc\u015ft\u0259rinin x\u00fcsusi ehtiyaclar\u0131n\u0131 \u00f6d\u0259m\u0259k \u00fc\u00e7\u00fcn haz\u0131rlanm\u0131\u015fd\u0131r v\u0259 \u00f6z sah\u0259l\u0259rind\u0259 geni\u015f t\u0259cr\u00fcb\u0259y\u0259 malik sertifikatl\u0131 m\u00fct\u0259x\u0259ssisl\u0259r t\u0259r\u0259find\u0259n \u00e7atd\u0131r\u0131l\u0131r.<\/p>","protected":false},"author":1,"featured_media":0,"parent":0,"menu_order":0,"comment_status":"closed","ping_status":"closed","template":"","meta":{"_acf_changed":false,"om_disable_all_campaigns":false,"_mi_skip_tracking":false,"footnotes":""},"class_list":["post-1420","page","type-page","status-publish","hentry"],"acf":[],"yoast_head":"<!-- This site is optimized with the Yoast SEO plugin v20.5 - https:\/\/yoast.com\/wordpress\/plugins\/seo\/ -->\n<title>Individual and Corporate Trainings - Conimcert<\/title>\n<meta name=\"robots\" content=\"index, follow, max-snippet:-1, max-image-preview:large, max-video-preview:-1\" \/>\n<link rel=\"canonical\" href=\"https:\/\/conimcert.com\/az\/individual-and-corporate-trainings\/\" \/>\n<meta property=\"og:locale\" content=\"az_AZ\" \/>\n<meta property=\"og:type\" content=\"article\" \/>\n<meta property=\"og:title\" content=\"Individual and Corporate Trainings - Conimcert\" \/>\n<meta property=\"og:description\" content=\"Our management systems training services are designed to help organizations and individuals develop, implement, and maintain effective management systems and practices that meet international standards and industrial guidelines\/frameworks. Tailored to meet the specific needs of each client, our training programs are delivered by certified professionals with extensive experience in their respective fields. \u00a0 PECB Accreditations [&hellip;]\" \/>\n<meta property=\"og:url\" content=\"https:\/\/conimcert.com\/az\/individual-and-corporate-trainings\/\" \/>\n<meta property=\"og:site_name\" content=\"Conimcert\" \/>\n<meta property=\"article:modified_time\" content=\"2023-04-23T12:40:35+00:00\" \/>\n<meta property=\"og:image\" content=\"https:\/\/conimcert.com\/wp-content\/uploads\/2023\/04\/1-pecb-authorized-partner.png\" \/>\n<meta name=\"twitter:card\" content=\"summary_large_image\" \/>\n<meta name=\"twitter:label1\" content=\"Est. reading time\" \/>\n\t<meta name=\"twitter:data1\" content=\"1 minute\" \/>\n<script type=\"application\/ld+json\" class=\"yoast-schema-graph\">{\"@context\":\"https:\/\/schema.org\",\"@graph\":[{\"@type\":\"WebPage\",\"@id\":\"https:\/\/conimcert.com\/individual-and-corporate-trainings\/\",\"url\":\"https:\/\/conimcert.com\/individual-and-corporate-trainings\/\",\"name\":\"Individual and Corporate Trainings - Conimcert\",\"isPartOf\":{\"@id\":\"https:\/\/conimcert.com\/#website\"},\"datePublished\":\"2023-04-17T10:34:18+00:00\",\"dateModified\":\"2023-04-23T12:40:35+00:00\",\"breadcrumb\":{\"@id\":\"https:\/\/conimcert.com\/individual-and-corporate-trainings\/#breadcrumb\"},\"inLanguage\":\"az\",\"potentialAction\":[{\"@type\":\"ReadAction\",\"target\":[\"https:\/\/conimcert.com\/individual-and-corporate-trainings\/\"]}]},{\"@type\":\"BreadcrumbList\",\"@id\":\"https:\/\/conimcert.com\/individual-and-corporate-trainings\/#breadcrumb\",\"itemListElement\":[{\"@type\":\"ListItem\",\"position\":1,\"name\":\"Home\",\"item\":\"https:\/\/conimcert.com\/\"},{\"@type\":\"ListItem\",\"position\":2,\"name\":\"Individual and Corporate Trainings\"}]},{\"@type\":\"WebSite\",\"@id\":\"https:\/\/conimcert.com\/#website\",\"url\":\"https:\/\/conimcert.com\/\",\"name\":\"Conimcert\",\"description\":\"\",\"publisher\":{\"@id\":\"https:\/\/conimcert.com\/#organization\"},\"potentialAction\":[{\"@type\":\"SearchAction\",\"target\":{\"@type\":\"EntryPoint\",\"urlTemplate\":\"https:\/\/conimcert.com\/?s={search_term_string}\"},\"query-input\":\"required name=search_term_string\"}],\"inLanguage\":\"az\"},{\"@type\":\"Organization\",\"@id\":\"https:\/\/conimcert.com\/#organization\",\"name\":\"Conimcert\",\"url\":\"https:\/\/conimcert.com\/\",\"logo\":{\"@type\":\"ImageObject\",\"inLanguage\":\"az\",\"@id\":\"https:\/\/conimcert.com\/#\/schema\/logo\/image\/\",\"url\":\"https:\/\/conimcert.com\/wp-content\/uploads\/2023\/03\/Conim-LOGO.png\",\"contentUrl\":\"https:\/\/conimcert.com\/wp-content\/uploads\/2023\/03\/Conim-LOGO.png\",\"width\":877,\"height\":151,\"caption\":\"Conimcert\"},\"image\":{\"@id\":\"https:\/\/conimcert.com\/#\/schema\/logo\/image\/\"}}]}<\/script>\n<!-- \/ Yoast SEO plugin. -->","yoast_head_json":{"title":"Individual and Corporate Trainings - Conimcert","robots":{"index":"index","follow":"follow","max-snippet":"max-snippet:-1","max-image-preview":"max-image-preview:large","max-video-preview":"max-video-preview:-1"},"canonical":"https:\/\/conimcert.com\/az\/individual-and-corporate-trainings\/","og_locale":"az_AZ","og_type":"article","og_title":"Individual and Corporate Trainings - Conimcert","og_description":"Our management systems training services are designed to help organizations and individuals develop, implement, and maintain effective management systems and practices that meet international standards and industrial guidelines\/frameworks. Tailored to meet the specific needs of each client, our training programs are delivered by certified professionals with extensive experience in their respective fields. \u00a0 PECB Accreditations [&hellip;]","og_url":"https:\/\/conimcert.com\/az\/individual-and-corporate-trainings\/","og_site_name":"Conimcert","article_modified_time":"2023-04-23T12:40:35+00:00","og_image":[{"url":"https:\/\/conimcert.com\/wp-content\/uploads\/2023\/04\/1-pecb-authorized-partner.png"}],"twitter_card":"summary_large_image","twitter_misc":{"Est. reading time":"1 minute"},"schema":{"@context":"https:\/\/schema.org","@graph":[{"@type":"WebPage","@id":"https:\/\/conimcert.com\/individual-and-corporate-trainings\/","url":"https:\/\/conimcert.com\/individual-and-corporate-trainings\/","name":"Individual and Corporate Trainings - Conimcert","isPartOf":{"@id":"https:\/\/conimcert.com\/#website"},"datePublished":"2023-04-17T10:34:18+00:00","dateModified":"2023-04-23T12:40:35+00:00","breadcrumb":{"@id":"https:\/\/conimcert.com\/individual-and-corporate-trainings\/#breadcrumb"},"inLanguage":"az","potentialAction":[{"@type":"ReadAction","target":["https:\/\/conimcert.com\/individual-and-corporate-trainings\/"]}]},{"@type":"BreadcrumbList","@id":"https:\/\/conimcert.com\/individual-and-corporate-trainings\/#breadcrumb","itemListElement":[{"@type":"ListItem","position":1,"name":"Home","item":"https:\/\/conimcert.com\/"},{"@type":"ListItem","position":2,"name":"Individual and Corporate Trainings"}]},{"@type":"WebSite","@id":"https:\/\/conimcert.com\/#website","url":"https:\/\/conimcert.com\/","name":"Conimcert","description":"","publisher":{"@id":"https:\/\/conimcert.com\/#organization"},"potentialAction":[{"@type":"SearchAction","target":{"@type":"EntryPoint","urlTemplate":"https:\/\/conimcert.com\/?s={search_term_string}"},"query-input":"required name=search_term_string"}],"inLanguage":"az"},{"@type":"Organization","@id":"https:\/\/conimcert.com\/#organization","name":"Conimcert","url":"https:\/\/conimcert.com\/","logo":{"@type":"ImageObject","inLanguage":"az","@id":"https:\/\/conimcert.com\/#\/schema\/logo\/image\/","url":"https:\/\/conimcert.com\/wp-content\/uploads\/2023\/03\/Conim-LOGO.png","contentUrl":"https:\/\/conimcert.com\/wp-content\/uploads\/2023\/03\/Conim-LOGO.png","width":877,"height":151,"caption":"Conimcert"},"image":{"@id":"https:\/\/conimcert.com\/#\/schema\/logo\/image\/"}}]}},"_links":{"self":[{"href":"https:\/\/conimcert.com\/az\/wp-json\/wp\/v2\/pages\/1420","targetHints":{"allow":["GET"]}}],"collection":[{"href":"https:\/\/conimcert.com\/az\/wp-json\/wp\/v2\/pages"}],"about":[{"href":"https:\/\/conimcert.com\/az\/wp-json\/wp\/v2\/types\/page"}],"author":[{"embeddable":true,"href":"https:\/\/conimcert.com\/az\/wp-json\/wp\/v2\/users\/1"}],"replies":[{"embeddable":true,"href":"https:\/\/conimcert.com\/az\/wp-json\/wp\/v2\/comments?post=1420"}],"version-history":[{"count":0,"href":"https:\/\/conimcert.com\/az\/wp-json\/wp\/v2\/pages\/1420\/revisions"}],"wp:attachment":[{"href":"https:\/\/conimcert.com\/az\/wp-json\/wp\/v2\/media?parent=1420"}],"curies":[{"name":"wp","href":"https:\/\/api.w.org\/{rel}","templated":true}]}}