{"id":1416,"date":"2023-04-17T10:33:12","date_gmt":"2023-04-17T10:33:12","guid":{"rendered":"https:\/\/conimcert.com\/?page_id=1416"},"modified":"2023-04-23T12:45:06","modified_gmt":"2023-04-23T12:45:06","slug":"ms-certification-support","status":"publish","type":"page","link":"https:\/\/conimcert.com\/az\/ms-certification-support\/","title":{"rendered":"\u0130S Sertifikatla\u015fd\u0131rma D\u0259st\u0259yi"},"content":{"rendered":"<div data-elementor-type=\"wp-page\" data-elementor-id=\"1416\" class=\"elementor elementor-1416\" data-elementor-post-type=\"page\">\n\t\t\t\t\t\t<section class=\"elementor-section elementor-top-section elementor-element elementor-element-2942b42 elementor-section-boxed elementor-section-height-default elementor-section-height-default\" data-id=\"2942b42\" data-element_type=\"section\">\n\t\t\t\t\t\t<div class=\"elementor-container elementor-column-gap-default\">\n\t\t\t\t\t<div class=\"elementor-column elementor-col-100 elementor-top-column elementor-element elementor-element-241dcbc3\" data-id=\"241dcbc3\" data-element_type=\"column\">\n\t\t\t<div class=\"elementor-widget-wrap elementor-element-populated\">\n\t\t\t\t\t\t<div class=\"elementor-element elementor-element-46e1765f elementor-widget elementor-widget-text-editor\" data-id=\"46e1765f\" data-element_type=\"widget\" data-widget_type=\"text-editor.default\">\n\t\t\t\t<div class=\"elementor-widget-container\">\n\t\t\t<style>\/*! elementor - v3.21.0 - 25-04-2024 *\/\n.elementor-widget-text-editor.elementor-drop-cap-view-stacked .elementor-drop-cap{background-color:#69727d;color:#fff}.elementor-widget-text-editor.elementor-drop-cap-view-framed .elementor-drop-cap{color:#69727d;border:3px solid;background-color:transparent}.elementor-widget-text-editor:not(.elementor-drop-cap-view-default) .elementor-drop-cap{margin-top:8px}.elementor-widget-text-editor:not(.elementor-drop-cap-view-default) .elementor-drop-cap-letter{width:1em;height:1em}.elementor-widget-text-editor .elementor-drop-cap{float:left;text-align:center;line-height:1;font-size:50px}.elementor-widget-text-editor .elementor-drop-cap-letter{display:inline-block}<\/style>\t\t\t\t<!-- wp:paragraph -->\n<p class=\" translation-block\">Beyn\u0259lxalq idar\u0259etm\u0259 standartlar\u0131nda sertifikata nail olmaq \u00e7\u0259tin ola bil\u0259r v\u0259 uy\u011funlu\u011fu qorumaq da bir o q\u0259d\u0259r \u00e7\u0259tin ola bil\u0259r. \u0130dar\u0259etm\u0259 sisteminin sertifikatla\u015fd\u0131rma d\u0259st\u0259yi xidm\u0259tl\u0259rimiz ISO 9001, ISO 14001, ISO 45001 v\u0259 s. kimi standartlarda <strong>siz\u0259 sertifikatlara nail olmaq v\u0259 saxlamaqda k\u00f6m\u0259k etm\u0259k \u00fc\u00e7\u00fcn kompleks yana\u015fma<\/strong> t\u0259min edir.<\/p>\n<!-- \/wp:paragraph --><!-- wp:paragraph -->\n<p class=\" translation-block\">T\u0259cr\u00fcb\u0259li auditorlar\u0131m\u0131z v\u0259 m\u0259sl\u0259h\u0259t\u00e7il\u0259rimiz <strong>\u0259vv\u0259lc\u0259d\u0259n auditl\u0259r apar\u0131r, sistem s\u0259n\u0259dl\u0259rinizin i\u015fl\u0259nib haz\u0131rlanmas\u0131na k\u00f6m\u0259k edir, siyas\u0259t v\u0259 prosedurlar\u0131 haz\u0131rlay\u0131r v\u0259 komandan\u0131za t\u0259liml\u0259r <\/strong>sessiyalar\u0131 verir. Biz h\u0259m\u00e7inin idar\u0259etm\u0259 sisteminizin standart\u0131n t\u0259l\u0259bl\u0259rin\u0259 cavab verm\u0259y\u0259 davam etm\u0259sini t\u0259min etm\u0259k \u00fc\u00e7\u00fcn illik n\u0259zar\u0259t auditl\u0259ri zaman\u0131 d\u0259st\u0259k veririk.<\/p>\n<!-- \/wp:paragraph --><!-- wp:paragraph -->\n<p class=\" translation-block\">Komandam\u0131z <strong>daxili auditl\u0259r h\u0259yata ke\u00e7ir\u0259 v\u0259 t\u0259kmill\u0259\u015fdirilm\u0259li olan h\u0259r hans\u0131 sah\u0259l\u0259ri m\u00fc\u0259yy\u0259n etm\u0259k \u00fc\u00e7\u00fcn idar\u0259etm\u0259 sisteminizi n\u0259z\u0259rd\u0259n ke\u00e7ir\u0259 bil\u0259r.<\/strong> Uy\u011funlu\u011fu qorumaq v\u0259 standart t\u0259l\u0259bl\u0259r\u0259 cavab verm\u0259y\u0259 davam etm\u0259yinizi t\u0259min etm\u0259k \u00fc\u00e7\u00fcn biz sizinl\u0259 birlikd\u0259 \u00e7al\u0131\u015f\u0131r\u0131q. Davaml\u0131 d\u0259st\u0259yimiz t\u0259\u015fkilat\u0131n\u0131z\u0131n zamanla sertifikatla\u015fd\u0131rmas\u0131n\u0131 davam etdirm\u0259sini v\u0259 idar\u0259etm\u0259 sisteminin effektivliyini davaml\u0131 olaraq t\u0259kmill\u0259\u015fdirm\u0259sini t\u0259min edir.<\/p>\n<!-- \/wp:paragraph --><!-- wp:paragraph -->\n<p class=\" translation-block\">\u0130dar\u0259etm\u0259 sisteminin sertifikatla\u015fd\u0131rma d\u0259st\u0259yi ehtiyaclar\u0131n\u0131z \u00fc\u00e7\u00fcn biziml\u0259 \u0259m\u0259kda\u015fl\u0131q etm\u0259kl\u0259, siz <strong>t\u0259\u015fkilat\u0131n\u0131z\u0131n beyn\u0259lxalq idar\u0259etm\u0259 standartlar\u0131na tam uy\u011fun oldu\u011funa \u0259min ola bil\u0259rsiniz.<\/strong> G\u0259lin, sertifikatla\u015fd\u0131rma m\u0259qs\u0259dl\u0259riniz\u0259 \u00e7atma\u011f\u0131n\u0131za k\u00f6m\u0259k ed\u0259k v\u0259  sertifikat\u0131n\u0131z\u0131 saxlamaq \u00fc\u00e7\u00fcn zamanla davaml\u0131 d\u0259st\u0259k g\u00f6st\u0259r\u0259k.<\/p>\n<!-- \/wp:paragraph -->\t\t\t\t\t\t<\/div>\n\t\t\t\t<\/div>\n\t\t\t\t\t<\/div>\n\t\t<\/div>\n\t\t\t\t\t<\/div>\n\t\t<\/section>\n\t\t\t\t<\/div>","protected":false},"excerpt":{"rendered":"<p>Achieving certification in international management standards can be challenging, and maintaining compliance can be just as difficult. Our management system certification support services provide a comprehensive approach to help you achieve and maintain certifications in standards such as ISO 9001, ISO 14001, ISO 45001, and more. Our experienced auditors and consultants conduct pre-audits, assist in [&hellip;]<\/p>","protected":false},"author":1,"featured_media":0,"parent":0,"menu_order":0,"comment_status":"closed","ping_status":"closed","template":"","meta":{"_acf_changed":false,"om_disable_all_campaigns":false,"_mi_skip_tracking":false,"footnotes":""},"class_list":["post-1416","page","type-page","status-publish","hentry"],"acf":[],"yoast_head":"<!-- This site is optimized with the Yoast SEO plugin v20.5 - https:\/\/yoast.com\/wordpress\/plugins\/seo\/ -->\n<title>MS Certification Support - Conimcert<\/title>\n<meta name=\"robots\" content=\"index, follow, max-snippet:-1, max-image-preview:large, max-video-preview:-1\" \/>\n<link rel=\"canonical\" href=\"https:\/\/conimcert.com\/az\/ms-certification-support\/\" \/>\n<meta property=\"og:locale\" content=\"az_AZ\" \/>\n<meta property=\"og:type\" content=\"article\" \/>\n<meta property=\"og:title\" content=\"MS Certification Support - Conimcert\" \/>\n<meta property=\"og:description\" content=\"Achieving certification in international management standards can be challenging, and maintaining compliance can be just as difficult. Our management system certification support services provide a comprehensive approach to help you achieve and maintain certifications in standards such as ISO 9001, ISO 14001, ISO 45001, and more. Our experienced auditors and consultants conduct pre-audits, assist in [&hellip;]\" \/>\n<meta property=\"og:url\" content=\"https:\/\/conimcert.com\/az\/ms-certification-support\/\" \/>\n<meta property=\"og:site_name\" content=\"Conimcert\" \/>\n<meta property=\"article:modified_time\" content=\"2023-04-23T12:45:06+00:00\" \/>\n<meta name=\"twitter:card\" content=\"summary_large_image\" \/>\n<meta name=\"twitter:label1\" content=\"Est. reading time\" \/>\n\t<meta name=\"twitter:data1\" content=\"1 minute\" \/>\n<script type=\"application\/ld+json\" class=\"yoast-schema-graph\">{\"@context\":\"https:\/\/schema.org\",\"@graph\":[{\"@type\":\"WebPage\",\"@id\":\"https:\/\/conimcert.com\/ms-certification-support\/\",\"url\":\"https:\/\/conimcert.com\/ms-certification-support\/\",\"name\":\"MS Certification Support - Conimcert\",\"isPartOf\":{\"@id\":\"https:\/\/conimcert.com\/#website\"},\"datePublished\":\"2023-04-17T10:33:12+00:00\",\"dateModified\":\"2023-04-23T12:45:06+00:00\",\"breadcrumb\":{\"@id\":\"https:\/\/conimcert.com\/ms-certification-support\/#breadcrumb\"},\"inLanguage\":\"az\",\"potentialAction\":[{\"@type\":\"ReadAction\",\"target\":[\"https:\/\/conimcert.com\/ms-certification-support\/\"]}]},{\"@type\":\"BreadcrumbList\",\"@id\":\"https:\/\/conimcert.com\/ms-certification-support\/#breadcrumb\",\"itemListElement\":[{\"@type\":\"ListItem\",\"position\":1,\"name\":\"Home\",\"item\":\"https:\/\/conimcert.com\/\"},{\"@type\":\"ListItem\",\"position\":2,\"name\":\"MS Certification Support\"}]},{\"@type\":\"WebSite\",\"@id\":\"https:\/\/conimcert.com\/#website\",\"url\":\"https:\/\/conimcert.com\/\",\"name\":\"Conimcert\",\"description\":\"\",\"publisher\":{\"@id\":\"https:\/\/conimcert.com\/#organization\"},\"potentialAction\":[{\"@type\":\"SearchAction\",\"target\":{\"@type\":\"EntryPoint\",\"urlTemplate\":\"https:\/\/conimcert.com\/?s={search_term_string}\"},\"query-input\":\"required name=search_term_string\"}],\"inLanguage\":\"az\"},{\"@type\":\"Organization\",\"@id\":\"https:\/\/conimcert.com\/#organization\",\"name\":\"Conimcert\",\"url\":\"https:\/\/conimcert.com\/\",\"logo\":{\"@type\":\"ImageObject\",\"inLanguage\":\"az\",\"@id\":\"https:\/\/conimcert.com\/#\/schema\/logo\/image\/\",\"url\":\"https:\/\/conimcert.com\/wp-content\/uploads\/2023\/03\/Conim-LOGO.png\",\"contentUrl\":\"https:\/\/conimcert.com\/wp-content\/uploads\/2023\/03\/Conim-LOGO.png\",\"width\":877,\"height\":151,\"caption\":\"Conimcert\"},\"image\":{\"@id\":\"https:\/\/conimcert.com\/#\/schema\/logo\/image\/\"}}]}<\/script>\n<!-- \/ Yoast SEO plugin. -->","yoast_head_json":{"title":"MS Certification Support - Conimcert","robots":{"index":"index","follow":"follow","max-snippet":"max-snippet:-1","max-image-preview":"max-image-preview:large","max-video-preview":"max-video-preview:-1"},"canonical":"https:\/\/conimcert.com\/az\/ms-certification-support\/","og_locale":"az_AZ","og_type":"article","og_title":"MS Certification Support - Conimcert","og_description":"Achieving certification in international management standards can be challenging, and maintaining compliance can be just as difficult. Our management system certification support services provide a comprehensive approach to help you achieve and maintain certifications in standards such as ISO 9001, ISO 14001, ISO 45001, and more. Our experienced auditors and consultants conduct pre-audits, assist in [&hellip;]","og_url":"https:\/\/conimcert.com\/az\/ms-certification-support\/","og_site_name":"Conimcert","article_modified_time":"2023-04-23T12:45:06+00:00","twitter_card":"summary_large_image","twitter_misc":{"Est. reading time":"1 minute"},"schema":{"@context":"https:\/\/schema.org","@graph":[{"@type":"WebPage","@id":"https:\/\/conimcert.com\/ms-certification-support\/","url":"https:\/\/conimcert.com\/ms-certification-support\/","name":"MS Certification Support - Conimcert","isPartOf":{"@id":"https:\/\/conimcert.com\/#website"},"datePublished":"2023-04-17T10:33:12+00:00","dateModified":"2023-04-23T12:45:06+00:00","breadcrumb":{"@id":"https:\/\/conimcert.com\/ms-certification-support\/#breadcrumb"},"inLanguage":"az","potentialAction":[{"@type":"ReadAction","target":["https:\/\/conimcert.com\/ms-certification-support\/"]}]},{"@type":"BreadcrumbList","@id":"https:\/\/conimcert.com\/ms-certification-support\/#breadcrumb","itemListElement":[{"@type":"ListItem","position":1,"name":"Home","item":"https:\/\/conimcert.com\/"},{"@type":"ListItem","position":2,"name":"MS Certification Support"}]},{"@type":"WebSite","@id":"https:\/\/conimcert.com\/#website","url":"https:\/\/conimcert.com\/","name":"Conimcert","description":"","publisher":{"@id":"https:\/\/conimcert.com\/#organization"},"potentialAction":[{"@type":"SearchAction","target":{"@type":"EntryPoint","urlTemplate":"https:\/\/conimcert.com\/?s={search_term_string}"},"query-input":"required name=search_term_string"}],"inLanguage":"az"},{"@type":"Organization","@id":"https:\/\/conimcert.com\/#organization","name":"Conimcert","url":"https:\/\/conimcert.com\/","logo":{"@type":"ImageObject","inLanguage":"az","@id":"https:\/\/conimcert.com\/#\/schema\/logo\/image\/","url":"https:\/\/conimcert.com\/wp-content\/uploads\/2023\/03\/Conim-LOGO.png","contentUrl":"https:\/\/conimcert.com\/wp-content\/uploads\/2023\/03\/Conim-LOGO.png","width":877,"height":151,"caption":"Conimcert"},"image":{"@id":"https:\/\/conimcert.com\/#\/schema\/logo\/image\/"}}]}},"_links":{"self":[{"href":"https:\/\/conimcert.com\/az\/wp-json\/wp\/v2\/pages\/1416","targetHints":{"allow":["GET"]}}],"collection":[{"href":"https:\/\/conimcert.com\/az\/wp-json\/wp\/v2\/pages"}],"about":[{"href":"https:\/\/conimcert.com\/az\/wp-json\/wp\/v2\/types\/page"}],"author":[{"embeddable":true,"href":"https:\/\/conimcert.com\/az\/wp-json\/wp\/v2\/users\/1"}],"replies":[{"embeddable":true,"href":"https:\/\/conimcert.com\/az\/wp-json\/wp\/v2\/comments?post=1416"}],"version-history":[{"count":0,"href":"https:\/\/conimcert.com\/az\/wp-json\/wp\/v2\/pages\/1416\/revisions"}],"wp:attachment":[{"href":"https:\/\/conimcert.com\/az\/wp-json\/wp\/v2\/media?parent=1416"}],"curies":[{"name":"wp","href":"https:\/\/api.w.org\/{rel}","templated":true}]}}